{"id":3328,"date":"2018-12-12T05:47:31","date_gmt":"2018-12-12T05:47:31","guid":{"rendered":"https:\/\/rstheme.com\/products\/wordpress\/finoptis\/consulting\/?page_id=3328"},"modified":"2020-11-07T16:48:54","modified_gmt":"2020-11-07T16:48:54","slug":"faqs","status":"publish","type":"page","link":"https:\/\/www.elitedocsexpress.com\/pt\/perguntas-frequentes\/","title":{"rendered":"perguntas frequentes"},"content":{"rendered":"<div data-vc-full-width=\"true\" data-vc-full-width-init=\"false\" class=\"vc_row wpb_row vc_row-fluid vc_custom_1544602186177 vc_row-has-fill vc_row-o-equal-height vc_row-flex\"><div class=\"wpb_column vc_column_container vc_col-sm-12\"><div class=\"vc_column-inner vc_custom_1544604165863\"><div class=\"wpb_wrapper\">\r\n        <div class=\"rs-heading style3  vc_custom_1559808113430\">\r\n        \t<div class=\"title-inner\">\r\n\t            \r\n\t            <h3 class=\"title\">ABOUT IELTS CERTIFICATE<\/h3>\r\n\t            \r\n\t        <\/div><div class=\"description\"><p >Perguntas e respostas frequentes<\/p><\/div><\/div><div  class=\"vc_toggle vc_toggle_round vc_toggle_color_juicy_pink  vc_toggle_size_md vc_toggle_active\">\n\t<div class=\"vc_toggle_title\"><h4>Qual \u00e9 o procedimento para este servi\u00e7o?<\/h4><i class=\"vc_toggle_icon\"><\/i><\/div>\n\t<div class=\"vc_toggle_content\"><p>Em primeiro lugar, ter\u00e1 de entrar em contacto connosco atrav\u00e9s do nosso site oficial ou por e-mail. Assim que recebermos o e-mail, responderemos sobre os documentos e as informa\u00e7\u00f5es necess\u00e1rias para a elabora\u00e7\u00e3o do certificado. Ap\u00f3s o envio da informa\u00e7\u00e3o, dever\u00e1 concluir o procedimento de pagamento. Assim que o procedimento de pagamento estiver conclu\u00eddo, os nossos especialistas iniciar\u00e3o o processo de cria\u00e7\u00e3o do certificado, e poder\u00e1 retir\u00e1-lo em poucos dias.<\/p>\n<\/div>\n<\/div>\n<div  class=\"vc_toggle vc_toggle_round vc_toggle_color_juicy_pink  vc_toggle_size_md\">\n\t<div class=\"vc_toggle_title\"><h4>Porque devo confiar no seu servi\u00e7o?<\/h4><i class=\"vc_toggle_icon\"><\/i><\/div>\n\t<div class=\"vc_toggle_content\"><p>Como empresa de certifica\u00e7\u00e3o IELTS de renome, colaboramos com os membros oficiais destas autoridades para realizar o processo. Al\u00e9m disso, garantimos 100% de sucesso quanto \u00e0 autenticidade e legitimidade dos certificados.<\/p>\n<\/div>\n<\/div>\n<div  class=\"vc_toggle vc_toggle_round vc_toggle_color_juicy_pink  vc_toggle_size_md\">\n\t<div class=\"vc_toggle_title\"><h4>Os certificados oferecidos por v\u00f3s podem ser utilizados para fins oficiais?<\/h4><i class=\"vc_toggle_icon\"><\/i><\/div>\n\t<div class=\"vc_toggle_content\"><p>Definitivamente. Oferecemos certificados IELTS premium apenas para fins oficiais. Para al\u00e9m da garantia de 100% de legitimidade dos documentos, implement\u00e1mos tamb\u00e9m os mesmos tipos de ferramentas e materiais para aumentar a sua originalidade.<\/p>\n<\/div>\n<\/div>\n<div  class=\"vc_toggle vc_toggle_round vc_toggle_color_juicy_pink  vc_toggle_size_md\">\n\t<div class=\"vc_toggle_title\"><h4>Se eu pedir um certificado real, como saberei que me enviar\u00e3o um certificado real e n\u00e3o um falso?<\/h4><i class=\"vc_toggle_icon\"><\/i><\/div>\n\t<div class=\"vc_toggle_content\"><p>Mantemos determinadas medidas de seguran\u00e7a na emiss\u00e3o dos certificados IELTS, uma vez que os riscos s\u00e3o elevados nesta sociedade digitalizada. Por este motivo, verificamos os utilizadores enviando OTPs e solicitando que efetuem login com as suas credenciais oficiais. Isto garante que o certificado por n\u00f3s oferecido \u00e9 genu\u00edno e n\u00e3o falso.<\/p>\n<\/div>\n<\/div>\n<div  class=\"vc_toggle vc_toggle_round vc_toggle_color_juicy_pink  vc_toggle_size_md\">\n\t<div class=\"vc_toggle_title\"><h4>Para al\u00e9m das credenciais de login, quais s\u00e3o as outras formas de verificar os documentos?<\/h4><i class=\"vc_toggle_icon\"><\/i><\/div>\n\t<div class=\"vc_toggle_content\"><p>Per verificare i documenti nel modo pi\u00f9 accurato possibile, \u00e8 consigliabile recarsi presso le sedi ufficiali delle autorit\u00e0 competenti.<\/p>\n<\/div>\n<\/div>\n<div  class=\"vc_toggle vc_toggle_round vc_toggle_color_juicy_pink  vc_toggle_size_md\">\n\t<div class=\"vc_toggle_title\"><h4>Qual \u00e9 o sistema de pagamento do servi\u00e7o?<\/h4><i class=\"vc_toggle_icon\"><\/i><\/div>\n\t<div class=\"vc_toggle_content\"><p>De acordo com as normas da nossa empresa, \u00e9 obrigat\u00f3rio pagar pelo menos 50% do valor do pagamento por motivos de seguran\u00e7a. No entanto, o pagamento inicial depende completamente do valor total.<\/p>\n<\/div>\n<\/div>\n<div  class=\"vc_toggle vc_toggle_round vc_toggle_color_juicy_pink  vc_toggle_size_md\">\n\t<div class=\"vc_toggle_title\"><h4>Depois de me inscrever para o exame, poderei usufruir destes servi\u00e7os?<\/h4><i class=\"vc_toggle_icon\"><\/i><\/div>\n\t<div class=\"vc_toggle_content\"><p>Certamente poder\u00e1 usufruir dos servi\u00e7os de certifica\u00e7\u00e3o IELTS da nossa empresa, independentemente dos resultados do seu exame. A nossa empresa produzir\u00e1 um certificado IELTS leg\u00edtimo de acordo com as suas necessidades.<\/p>\n<\/div>\n<\/div>\n<div  class=\"vc_toggle vc_toggle_round vc_toggle_color_juicy_pink  vc_toggle_size_md\">\n\t<div class=\"vc_toggle_title\"><h4>With poor grades, would you be able to fix it?<\/h4><i class=\"vc_toggle_icon\"><\/i><\/div>\n\t<div class=\"vc_toggle_content\"><p>Sim. Apenas as credenciais e informa\u00e7\u00f5es b\u00e1sicas s\u00e3o necess\u00e1rias. O restante seria coordenado pelos nossos especialistas para melhorar as notas do certificado IELTS.<\/p>\n<\/div>\n<\/div>\n<div  class=\"vc_toggle vc_toggle_round vc_toggle_color_juicy_pink  vc_toggle_size_md\">\n\t<div class=\"vc_toggle_title\"><h4>Qual \u00e9 o prazo de envio dos certificados?<\/h4><i class=\"vc_toggle_icon\"><\/i><\/div>\n\t<div class=\"vc_toggle_content\"><p>Ap\u00f3s a conclus\u00e3o do procedimento de pagamento, forneceremos o certificado no prazo de 2 a 3 dias.<\/p>\n<\/div>\n<\/div>\n<div  class=\"vc_toggle vc_toggle_round vc_toggle_color_juicy_pink  vc_toggle_size_md\">\n\t<div class=\"vc_toggle_title\"><h4>Depois de receber o certificado, como entraremos em contacto consigo para esclarecer outras d\u00favidas?<\/h4><i class=\"vc_toggle_icon\"><\/i><\/div>\n\t<div class=\"vc_toggle_content\"><p>Pode contactar-nos facilmente atrav\u00e9s do nosso site ou endere\u00e7o de e-mail. Quase n\u00e3o alteramos os nossos dados de contacto.<\/p>\n<\/div>\n<\/div>\n<\/div><\/div><\/div><\/div><div class=\"vc_row-full-width vc_clearfix\"><\/div>","protected":false},"excerpt":{"rendered":"ABOUT IELTS CERTIFICATE Frequently Asked Questions &amp; Answers What is the procedure for this service? Firstly, you would have to contact us [...]","protected":false},"author":1,"featured_media":0,"parent":0,"menu_order":0,"comment_status":"closed","ping_status":"closed","template":"","meta":{"footnotes":"","_joinchat":[]},"yoast_head":"<!-- This site is optimized with the Yoast SEO plugin v22.2 - https:\/\/yoast.com\/wordpress\/plugins\/seo\/ -->\n<title>FAQs - Elite Docs Express - Buy Real Documents Online<\/title>\n<meta name=\"robots\" content=\"index, follow, max-snippet:-1, max-image-preview:large, max-video-preview:-1\" \/>\n<link rel=\"canonical\" href=\"https:\/\/www.elitedocsexpress.com\/pt\/perguntas-frequentes\/\" \/>\n<meta property=\"og:locale\" content=\"pt_PT\" \/>\n<meta property=\"og:type\" content=\"article\" \/>\n<meta property=\"og:title\" content=\"FAQs - Elite Docs Express - Buy Real Documents Online\" \/>\n<meta property=\"og:url\" content=\"https:\/\/www.elitedocsexpress.com\/pt\/perguntas-frequentes\/\" \/>\n<meta property=\"og:site_name\" content=\"Elite Docs Express - Buy Real Documents Online\" \/>\n<meta property=\"article:modified_time\" content=\"2020-11-07T16:48:54+00:00\" \/>\n<meta name=\"twitter:card\" content=\"summary_large_image\" \/>\n<meta name=\"twitter:label1\" content=\"Tempo estimado de leitura\" \/>\n\t<meta name=\"twitter:data1\" content=\"3 minutos\" \/>\n<script type=\"application\/ld+json\" class=\"yoast-schema-graph\">{\"@context\":\"https:\/\/schema.org\",\"@graph\":[{\"@type\":\"WebPage\",\"@id\":\"https:\/\/www.elitedocsexpress.com\/faqs\/\",\"url\":\"https:\/\/www.elitedocsexpress.com\/faqs\/\",\"name\":\"FAQs - Elite Docs Express - Buy Real Documents Online\",\"isPartOf\":{\"@id\":\"https:\/\/www.elitedocsexpress.com\/#website\"},\"datePublished\":\"2018-12-12T05:47:31+00:00\",\"dateModified\":\"2020-11-07T16:48:54+00:00\",\"breadcrumb\":{\"@id\":\"https:\/\/www.elitedocsexpress.com\/faqs\/#breadcrumb\"},\"inLanguage\":\"pt-PT\",\"potentialAction\":[{\"@type\":\"ReadAction\",\"target\":[\"https:\/\/www.elitedocsexpress.com\/faqs\/\"]}]},{\"@type\":\"BreadcrumbList\",\"@id\":\"https:\/\/www.elitedocsexpress.com\/faqs\/#breadcrumb\",\"itemListElement\":[{\"@type\":\"ListItem\",\"position\":1,\"name\":\"Home\",\"item\":\"https:\/\/www.elitedocsexpress.com\/\"},{\"@type\":\"ListItem\",\"position\":2,\"name\":\"FAQs\"}]},{\"@type\":\"WebSite\",\"@id\":\"https:\/\/www.elitedocsexpress.com\/#website\",\"url\":\"https:\/\/www.elitedocsexpress.com\/\",\"name\":\"Elite Docs Express - Buy Real Documents Online\",\"description\":\"\",\"potentialAction\":[{\"@type\":\"SearchAction\",\"target\":{\"@type\":\"EntryPoint\",\"urlTemplate\":\"https:\/\/www.elitedocsexpress.com\/?s={search_term_string}\"},\"query-input\":\"required name=search_term_string\"}],\"inLanguage\":\"pt-PT\"}]}<\/script>\n<!-- \/ Yoast SEO plugin. -->","yoast_head_json":{"title":"FAQs - Elite Docs Express - Buy Real Documents Online","robots":{"index":"index","follow":"follow","max-snippet":"max-snippet:-1","max-image-preview":"max-image-preview:large","max-video-preview":"max-video-preview:-1"},"canonical":"https:\/\/www.elitedocsexpress.com\/pt\/perguntas-frequentes\/","og_locale":"pt_PT","og_type":"article","og_title":"FAQs - Elite Docs Express - Buy Real Documents Online","og_url":"https:\/\/www.elitedocsexpress.com\/pt\/perguntas-frequentes\/","og_site_name":"Elite Docs Express - Buy Real Documents Online","article_modified_time":"2020-11-07T16:48:54+00:00","twitter_card":"summary_large_image","twitter_misc":{"Tempo estimado de leitura":"3 minutos"},"schema":{"@context":"https:\/\/schema.org","@graph":[{"@type":"WebPage","@id":"https:\/\/www.elitedocsexpress.com\/faqs\/","url":"https:\/\/www.elitedocsexpress.com\/faqs\/","name":"FAQs - Elite Docs Express - Buy Real Documents Online","isPartOf":{"@id":"https:\/\/www.elitedocsexpress.com\/#website"},"datePublished":"2018-12-12T05:47:31+00:00","dateModified":"2020-11-07T16:48:54+00:00","breadcrumb":{"@id":"https:\/\/www.elitedocsexpress.com\/faqs\/#breadcrumb"},"inLanguage":"pt-PT","potentialAction":[{"@type":"ReadAction","target":["https:\/\/www.elitedocsexpress.com\/faqs\/"]}]},{"@type":"BreadcrumbList","@id":"https:\/\/www.elitedocsexpress.com\/faqs\/#breadcrumb","itemListElement":[{"@type":"ListItem","position":1,"name":"Home","item":"https:\/\/www.elitedocsexpress.com\/"},{"@type":"ListItem","position":2,"name":"FAQs"}]},{"@type":"WebSite","@id":"https:\/\/www.elitedocsexpress.com\/#website","url":"https:\/\/www.elitedocsexpress.com\/","name":"Elite Docs Express - Buy Real Documents Online","description":"","potentialAction":[{"@type":"SearchAction","target":{"@type":"EntryPoint","urlTemplate":"https:\/\/www.elitedocsexpress.com\/?s={search_term_string}"},"query-input":"required name=search_term_string"}],"inLanguage":"pt-PT"}]}},"_links":{"self":[{"href":"https:\/\/www.elitedocsexpress.com\/pt\/wp-json\/wp\/v2\/pages\/3328"}],"collection":[{"href":"https:\/\/www.elitedocsexpress.com\/pt\/wp-json\/wp\/v2\/pages"}],"about":[{"href":"https:\/\/www.elitedocsexpress.com\/pt\/wp-json\/wp\/v2\/types\/page"}],"author":[{"embeddable":true,"href":"https:\/\/www.elitedocsexpress.com\/pt\/wp-json\/wp\/v2\/users\/1"}],"replies":[{"embeddable":true,"href":"https:\/\/www.elitedocsexpress.com\/pt\/wp-json\/wp\/v2\/comments?post=3328"}],"version-history":[{"count":2,"href":"https:\/\/www.elitedocsexpress.com\/pt\/wp-json\/wp\/v2\/pages\/3328\/revisions"}],"predecessor-version":[{"id":3599,"href":"https:\/\/www.elitedocsexpress.com\/pt\/wp-json\/wp\/v2\/pages\/3328\/revisions\/3599"}],"wp:attachment":[{"href":"https:\/\/www.elitedocsexpress.com\/pt\/wp-json\/wp\/v2\/media?parent=3328"}],"curies":[{"name":"wp","href":"https:\/\/api.w.org\/{rel}","templated":true}]}}