{"id":1739,"date":"2018-11-17T04:41:46","date_gmt":"2018-11-17T04:41:46","guid":{"rendered":"http:\/\/192.168.0.250\/business\/?page_id=1739"},"modified":"2023-05-06T08:24:57","modified_gmt":"2023-05-06T08:24:57","slug":"about-us","status":"publish","type":"page","link":"https:\/\/www.elitedocsexpress.com\/pt\/sobre-nos\/","title":{"rendered":"Sobre n\u00f3s"},"content":{"rendered":"<div data-vc-full-width=\"true\" data-vc-full-width-init=\"false\" class=\"vc_row wpb_row vc_row-fluid vc_custom_1559807673988 vc_row-has-fill\"><div class=\"wpb_column vc_column_container vc_col-sm-12\"><div class=\"vc_column-inner\"><div class=\"wpb_wrapper\"><div class=\"vc_row wpb_row vc_inner vc_row-fluid vc_custom_1543575471631 vc_row-o-content-middle vc_row-flex\"><div class=\"wpb_column vc_column_container vc_col-sm-12\"><div class=\"vc_column-inner vc_custom_1544503666201\"><div class=\"wpb_wrapper\">\r\n        <div class=\"rs-heading style3\">\r\n        \t<div class=\"title-inner\">\r\n\t            <span class=\"sub-text\">[Documentos de Nota A++]<\/span>\r\n\t            <h2 class=\"title\">Asseguramos a sua satisfa\u00e7\u00e3o<\/h2>\r\n\t            \r\n\t        <\/div><\/div>\n\t<div class=\"wpb_text_column wpb_content_element\" >\n\t\t<div class=\"wpb_wrapper\">\n\t\t\t<p style=\"text-align: justify;\"><strong><em>EliteDocsExpress<\/em><\/strong> fornece um servi\u00e7o valioso em rela\u00e7\u00e3o \u00e0 oferta de certificados para TOEFL, IELTS, CELPIP, GRE, GMAT, etc. Nossos funcion\u00e1rios e funcion\u00e1rios especializados trazem as melhores ideias para fornecer certificados v\u00e1lidos aos usu\u00e1rios. Basicamente, esses exames citados acima s\u00e3o uma esp\u00e9cie de par\u00e2metro referente aos procedimentos de imigra\u00e7\u00e3o nos EUA, Canad\u00e1, Reino Unido, Austr\u00e1lia, Fran\u00e7a, Alemanha, Espanha, Portugal, It\u00e1lia, Holanda, etc. linguagem. No entanto, nossos servi\u00e7os facilitaram bastante os candidatos. Nossa empresa tem colabora\u00e7\u00f5es com organiza\u00e7\u00f5es aut\u00eanticas em todos os pa\u00edses para produzir documentos e certificados v\u00e1lidos para os usu\u00e1rios. Juntamente com os aspectos de certificados, tamb\u00e9m somos especializados nos procedimentos de obten\u00e7\u00e3o de VISA, Carteira de Habilita\u00e7\u00e3o, Dinheiro Falso, Bilhete de Identidade e Passaporte desses respectivos pa\u00edses.<\/p>\n<p style=\"text-align: justify;\">Todos os tipos de servi\u00e7os relacionados \u00e0 imigra\u00e7\u00e3o e aos procedimentos de exame de elegibilidade s\u00e3o disponibilizados por nossa empresa. Em termos de certificados, nossa empresa est\u00e1 diretamente ligada \u00e0s universidades de elite como Cambridge University, British Councils, etc. Assim, garantimos 100% de autenticidade e documentos leg\u00edtimos em termos de certificados. Assim como o passaporte e os servi\u00e7os VISA, esses documentos poderiam ser facilmente verificados nos sites oficiais on-line dos servi\u00e7os de imigra\u00e7\u00e3o dos respectivos pa\u00edses.<\/p>\n<p style=\"text-align: justify;\">Como relat\u00f3rio estat\u00edstico, justifica-se que tenhamos disponibilizado os certificados a um grande n\u00famero de candidatos sob os crit\u00e9rios de imigra\u00e7\u00e3o. Nossos clientes e trabalhadores especializados lidam diretamente com os funcion\u00e1rios do governo das respectivas autoridades. Assim, permanece um toque de clareza em cada procedimento. Al\u00e9m dos servi\u00e7os relacionados aos Certificados IELTS, tamb\u00e9m oferecemos descontos aos nossos clientes na compra de mais de um certificado ou documento. Este \u00e9 o melhor tipo de facilidade que nossa empresa oferece aos usu\u00e1rios para manter um relacionamento de qualidade com eles. Al\u00e9m do momento da emiss\u00e3o desses documentos e certid\u00f5es, tendemos a oferecer nosso suporte aos usu\u00e1rios mesmo ap\u00f3s o t\u00e9rmino do servi\u00e7o. Isso aumenta a reputa\u00e7\u00e3o de nossa empresa sobre as outras no campo da emiss\u00e3o de documentos oficiais e v\u00e1lidos.<\/p>\n<p style=\"text-align: justify;\">Comprar os documentos reais e falsos no site da nossa empresa \u00e9 a op\u00e7\u00e3o mais segura, pois s\u00e3o altamente certificados e autenticados. Assim, os usu\u00e1rios e os candidatos que compram ou emitem os documentos de nossa empresa n\u00e3o teriam que enfrentar nenhum tipo de problema relacionado aos procedimentos de imigra\u00e7\u00e3o.<\/p>\n<p style=\"text-align: justify;\">Ligue-nos 24 horas por dia, 7 dias por semana. Responderemos a todas as suas perguntas.<\/p>\n<ul class=\"stylelisting\">\n<li style=\"text-align: justify;\">Phone: +1\u00a0(423)\u00a0503\u20117048<\/li>\n<li style=\"text-align: justify;\">Email: info@elitedocsexpress.com<\/li>\n<\/ul>\n\n\t\t<\/div>\n\t<\/div>\n<\/div><\/div><\/div><\/div><\/div><\/div><\/div><\/div><div class=\"vc_row-full-width vc_clearfix\"><\/div><div data-vc-full-width=\"true\" data-vc-full-width-init=\"false\" class=\"vc_row wpb_row vc_row-fluid vc_custom_1543210890329 vc_row-has-fill\"><div class=\"wpb_column vc_column_container vc_col-sm-12\"><div class=\"vc_column-inner\"><div class=\"wpb_wrapper\">\r\n        <div class=\"rs-heading style3\">\r\n        \t<div class=\"title-inner\">\r\n\t            <span class=\"sub-text\">Testemunhos<\/span>\r\n\t            <h2 class=\"title\">O que diz o nosso cliente<\/h2>\r\n\t            \r\n\t        <\/div><\/div><div id=\"cl-testimonial\" class=\"cl-testimonial cl-testimonial9\">\r\n\t\t\t   \t\t<div class=\"container2 hide_arrow\">                \r\n\t\t\t\t\t\t<ul class=\"testimonial-slide9 slider9\"><li class=\"testimonial-item\">\r\n\t\t\t\t\t\t\t\t<div class=\"single-testimonial\">\t\t\t\t\t\t\t\t\r\n\t\t\t\t\t\t\t\t<div class=\"image-testimonial\"  style=\"color: #505050\">\r\n\t\t\t\t\t\t\t\t\t<p><i class=\"fa fa-quote-left\" style=\"color:#3a5ee5\"><\/i> Obrigado EliteDocsExpress pela sua incr\u00edvel ajuda. Recebi o meu certificado IELTS que \u00e9 original e genu\u00edno. N\u00e3o deixe de ouvir de mim o mais depressa poss\u00edvel!!<\/p>\r\n\r\n\t\t\t\t\t\t\t\t\t<div class=\"testimonial-image\">\r\n\t\t\t\t\t\t\t\t\t\t<img src=\"\" alt=\"Client Image\">\t\t\t\t\t\t\t\t\t\r\n\t\t\t\t\t\t\t\t\t<\/div>\r\n\t\t\t\t\t\t\t\t\t<ul class=\"cl-author-info\">\r\n\t\t\t\t\t\t\t\t\t\t<li  style=\"color: #28406d\">Devis John<\/li>\r\n\t\t\t\t\t\t\t\t\t\t<li  style=\"color: #505050\"><\/li><\/ul>\t\t\r\n\t\t\t\t\t\t\t\t<\/div>\r\n\t\t\t\t\t\t\t\t<\/div>\r\n\t\t\t\t\t\t\t\t<\/li><li class=\"testimonial-item\">\r\n\t\t\t\t\t\t\t\t<div class=\"single-testimonial\">\t\t\t\t\t\t\t\t\r\n\t\t\t\t\t\t\t\t<div class=\"image-testimonial\"  style=\"color: #505050\">\r\n\t\t\t\t\t\t\t\t\t<p><i class=\"fa fa-quote-left\" style=\"color:#3a5ee5\"><\/i> Estou-lhe grato por fornecer um certificado IELTS genu\u00edno com notas melhoradas, posso finalmente viver o meu sonho.<\/p>\r\n\r\n\t\t\t\t\t\t\t\t\t<div class=\"testimonial-image\">\r\n\t\t\t\t\t\t\t\t\t\t<img src=\"\" alt=\"Client Image\">\t\t\t\t\t\t\t\t\t\r\n\t\t\t\t\t\t\t\t\t<\/div>\r\n\t\t\t\t\t\t\t\t\t<ul class=\"cl-author-info\">\r\n\t\t\t\t\t\t\t\t\t\t<li  style=\"color: #28406d\">Alisa Misa<\/li>\r\n\t\t\t\t\t\t\t\t\t\t<li  style=\"color: #505050\"><\/li><\/ul>\t\t\r\n\t\t\t\t\t\t\t\t<\/div>\r\n\t\t\t\t\t\t\t\t<\/div>\r\n\t\t\t\t\t\t\t\t<\/li><li class=\"testimonial-item\">\r\n\t\t\t\t\t\t\t\t<div class=\"single-testimonial\">\t\t\t\t\t\t\t\t\r\n\t\t\t\t\t\t\t\t<div class=\"image-testimonial\"  style=\"color: #505050\">\r\n\t\t\t\t\t\t\t\t\t<p><i class=\"fa fa-quote-left\" style=\"color:#3a5ee5\"><\/i> Gostaria de agradecer aos tutores da EliteDocsExpress porque sem a sua ajuda, penso que n\u00e3o conseguiria passar o meu IELTS. Recomendo vivamente a EliteDocsExpress a todos os que est\u00e3o a fazer o exame IELTS.<\/p>\r\n\r\n\t\t\t\t\t\t\t\t\t<div class=\"testimonial-image\">\r\n\t\t\t\t\t\t\t\t\t\t<img src=\"\" alt=\"Client Image\">\t\t\t\t\t\t\t\t\t\r\n\t\t\t\t\t\t\t\t\t<\/div>\r\n\t\t\t\t\t\t\t\t\t<ul class=\"cl-author-info\">\r\n\t\t\t\t\t\t\t\t\t\t<li  style=\"color: #28406d\">Jipsi<\/li>\r\n\t\t\t\t\t\t\t\t\t\t<li  style=\"color: #505050\"><\/li><\/ul>\t\t\r\n\t\t\t\t\t\t\t\t<\/div>\r\n\t\t\t\t\t\t\t\t<\/div>\r\n\t\t\t\t\t\t\t\t<\/li><\/ul><\/div>\r\n\t\t\t<\/div>\r\n\t\t\t\t<style>\r\n\t\t\t\t\t#cl-testimonial ul.slick-dots li button{border:1px solid#3a5ee5 !important;}\r\n\t\t\t\t\t#cl-testimonial ul.slick-dots li button:hover{background:#3a5ee5 !important;}\r\n\t\t\t\t\t#cl-testimonial .slick-active button{background:#3a5ee5 !important;}\r\n\t\t\t\t<\/style>\r\n\t\t\t<\/div><\/div><\/div><\/div><div class=\"vc_row-full-width vc_clearfix\"><\/div>","protected":false},"excerpt":{"rendered":"I would like to thank the EliteDocsExpress tutors because without their help, I don\u2019t think I could pass my IELTS. I would [...]","protected":false},"author":1,"featured_media":0,"parent":0,"menu_order":0,"comment_status":"closed","ping_status":"closed","template":"","meta":{"footnotes":"","_joinchat":[]},"yoast_head":"<!-- This site is optimized with the Yoast SEO plugin v22.2 - https:\/\/yoast.com\/wordpress\/plugins\/seo\/ -->\n<title>About Us - Elite Docs Express - Buy Real Documents Online<\/title>\n<meta name=\"robots\" content=\"index, follow, max-snippet:-1, max-image-preview:large, max-video-preview:-1\" \/>\n<link rel=\"canonical\" href=\"https:\/\/www.elitedocsexpress.com\/pt\/sobre-nos\/\" \/>\n<meta property=\"og:locale\" content=\"pt_PT\" \/>\n<meta property=\"og:type\" content=\"article\" \/>\n<meta property=\"og:title\" content=\"About Us - Elite Docs Express - Buy Real Documents Online\" \/>\n<meta property=\"og:url\" content=\"https:\/\/www.elitedocsexpress.com\/pt\/sobre-nos\/\" \/>\n<meta property=\"og:site_name\" content=\"Elite Docs Express - Buy Real Documents Online\" \/>\n<meta property=\"article:modified_time\" content=\"2023-05-06T08:24:57+00:00\" \/>\n<meta name=\"twitter:card\" content=\"summary_large_image\" \/>\n<meta name=\"twitter:label1\" content=\"Tempo estimado de leitura\" \/>\n\t<meta name=\"twitter:data1\" content=\"3 minutos\" \/>\n<script type=\"application\/ld+json\" class=\"yoast-schema-graph\">{\"@context\":\"https:\/\/schema.org\",\"@graph\":[{\"@type\":\"WebPage\",\"@id\":\"https:\/\/www.elitedocsexpress.com\/about-us\/\",\"url\":\"https:\/\/www.elitedocsexpress.com\/about-us\/\",\"name\":\"About Us - Elite Docs Express - Buy Real Documents Online\",\"isPartOf\":{\"@id\":\"https:\/\/www.elitedocsexpress.com\/#website\"},\"datePublished\":\"2018-11-17T04:41:46+00:00\",\"dateModified\":\"2023-05-06T08:24:57+00:00\",\"breadcrumb\":{\"@id\":\"https:\/\/www.elitedocsexpress.com\/about-us\/#breadcrumb\"},\"inLanguage\":\"pt-PT\",\"potentialAction\":[{\"@type\":\"ReadAction\",\"target\":[\"https:\/\/www.elitedocsexpress.com\/about-us\/\"]}]},{\"@type\":\"BreadcrumbList\",\"@id\":\"https:\/\/www.elitedocsexpress.com\/about-us\/#breadcrumb\",\"itemListElement\":[{\"@type\":\"ListItem\",\"position\":1,\"name\":\"Home\",\"item\":\"https:\/\/www.elitedocsexpress.com\/\"},{\"@type\":\"ListItem\",\"position\":2,\"name\":\"About Us\"}]},{\"@type\":\"WebSite\",\"@id\":\"https:\/\/www.elitedocsexpress.com\/#website\",\"url\":\"https:\/\/www.elitedocsexpress.com\/\",\"name\":\"Elite Docs Express - Buy Real Documents Online\",\"description\":\"\",\"potentialAction\":[{\"@type\":\"SearchAction\",\"target\":{\"@type\":\"EntryPoint\",\"urlTemplate\":\"https:\/\/www.elitedocsexpress.com\/?s={search_term_string}\"},\"query-input\":\"required name=search_term_string\"}],\"inLanguage\":\"pt-PT\"}]}<\/script>\n<!-- \/ Yoast SEO plugin. -->","yoast_head_json":{"title":"About Us - Elite Docs Express - Buy Real Documents Online","robots":{"index":"index","follow":"follow","max-snippet":"max-snippet:-1","max-image-preview":"max-image-preview:large","max-video-preview":"max-video-preview:-1"},"canonical":"https:\/\/www.elitedocsexpress.com\/pt\/sobre-nos\/","og_locale":"pt_PT","og_type":"article","og_title":"About Us - Elite Docs Express - Buy Real Documents Online","og_url":"https:\/\/www.elitedocsexpress.com\/pt\/sobre-nos\/","og_site_name":"Elite Docs Express - Buy Real Documents Online","article_modified_time":"2023-05-06T08:24:57+00:00","twitter_card":"summary_large_image","twitter_misc":{"Tempo estimado de leitura":"3 minutos"},"schema":{"@context":"https:\/\/schema.org","@graph":[{"@type":"WebPage","@id":"https:\/\/www.elitedocsexpress.com\/about-us\/","url":"https:\/\/www.elitedocsexpress.com\/about-us\/","name":"About Us - Elite Docs Express - Buy Real Documents Online","isPartOf":{"@id":"https:\/\/www.elitedocsexpress.com\/#website"},"datePublished":"2018-11-17T04:41:46+00:00","dateModified":"2023-05-06T08:24:57+00:00","breadcrumb":{"@id":"https:\/\/www.elitedocsexpress.com\/about-us\/#breadcrumb"},"inLanguage":"pt-PT","potentialAction":[{"@type":"ReadAction","target":["https:\/\/www.elitedocsexpress.com\/about-us\/"]}]},{"@type":"BreadcrumbList","@id":"https:\/\/www.elitedocsexpress.com\/about-us\/#breadcrumb","itemListElement":[{"@type":"ListItem","position":1,"name":"Home","item":"https:\/\/www.elitedocsexpress.com\/"},{"@type":"ListItem","position":2,"name":"About Us"}]},{"@type":"WebSite","@id":"https:\/\/www.elitedocsexpress.com\/#website","url":"https:\/\/www.elitedocsexpress.com\/","name":"Elite Docs Express - Buy Real Documents Online","description":"","potentialAction":[{"@type":"SearchAction","target":{"@type":"EntryPoint","urlTemplate":"https:\/\/www.elitedocsexpress.com\/?s={search_term_string}"},"query-input":"required name=search_term_string"}],"inLanguage":"pt-PT"}]}},"_links":{"self":[{"href":"https:\/\/www.elitedocsexpress.com\/pt\/wp-json\/wp\/v2\/pages\/1739"}],"collection":[{"href":"https:\/\/www.elitedocsexpress.com\/pt\/wp-json\/wp\/v2\/pages"}],"about":[{"href":"https:\/\/www.elitedocsexpress.com\/pt\/wp-json\/wp\/v2\/types\/page"}],"author":[{"embeddable":true,"href":"https:\/\/www.elitedocsexpress.com\/pt\/wp-json\/wp\/v2\/users\/1"}],"replies":[{"embeddable":true,"href":"https:\/\/www.elitedocsexpress.com\/pt\/wp-json\/wp\/v2\/comments?post=1739"}],"version-history":[{"count":7,"href":"https:\/\/www.elitedocsexpress.com\/pt\/wp-json\/wp\/v2\/pages\/1739\/revisions"}],"predecessor-version":[{"id":3592,"href":"https:\/\/www.elitedocsexpress.com\/pt\/wp-json\/wp\/v2\/pages\/1739\/revisions\/3592"}],"wp:attachment":[{"href":"https:\/\/www.elitedocsexpress.com\/pt\/wp-json\/wp\/v2\/media?parent=1739"}],"curies":[{"name":"wp","href":"https:\/\/api.w.org\/{rel}","templated":true}]}}