{"id":3328,"date":"2018-12-12T05:47:31","date_gmt":"2018-12-12T05:47:31","guid":{"rendered":"https:\/\/rstheme.com\/products\/wordpress\/finoptis\/consulting\/?page_id=3328"},"modified":"2020-11-07T16:48:54","modified_gmt":"2020-11-07T16:48:54","slug":"faqs","status":"publish","type":"page","link":"https:\/\/www.elitedocsexpress.com\/nl\/veelgestelde-vragen\/","title":{"rendered":"Veelgestelde vragen"},"content":{"rendered":"<div data-vc-full-width=\"true\" data-vc-full-width-init=\"false\" class=\"vc_row wpb_row vc_row-fluid vc_custom_1544602186177 vc_row-has-fill vc_row-o-equal-height vc_row-flex\"><div class=\"wpb_column vc_column_container vc_col-sm-12\"><div class=\"vc_column-inner vc_custom_1544604165863\"><div class=\"wpb_wrapper\">\r\n        <div class=\"rs-heading style3  vc_custom_1559808113430\">\r\n        \t<div class=\"title-inner\">\r\n\t            \r\n\t            <h3 class=\"title\">ABOUT IELTS CERTIFICATE<\/h3>\r\n\t            \r\n\t        <\/div><div class=\"description\"><p >Veelgestelde vragen en antwoorden<\/p><\/div><\/div><div  class=\"vc_toggle vc_toggle_round vc_toggle_color_juicy_pink  vc_toggle_size_md vc_toggle_active\">\n\t<div class=\"vc_toggle_title\"><h4>Hoe verloopt deze service?<\/h4><i class=\"vc_toggle_icon\"><\/i><\/div>\n\t<div class=\"vc_toggle_content\"><p>U dient eerst contact met ons op te nemen via onze offici\u00eble website of per e-mail. Zodra we de post ontvangen, sturen we u een reactie met de documenten en informatie die nodig zijn voor het opstellen van het certificaat. Nadat de informatie is verzonden, dient u de betalingsprocedure te voltooien. Zodra de betalingsprocedure is voltooid, starten onze experts met het aanmaken van het certificaat. U kunt het binnen enkele dagen ophalen.<\/p>\n<\/div>\n<\/div>\n<div  class=\"vc_toggle vc_toggle_round vc_toggle_color_juicy_pink  vc_toggle_size_md\">\n\t<div class=\"vc_toggle_title\"><h4>Waarom zou ik op uw dienstverlening vertrouwen?<\/h4><i class=\"vc_toggle_icon\"><\/i><\/div>\n\t<div class=\"vc_toggle_content\"><p>Als gerenommeerd IELTS-certificeringsbureau werken we samen met de offici\u00eble leden van deze instanties voor de uitvoering van het proces. Bovendien garanderen we 100% succes met betrekking tot de authenticiteit en legitimiteit van de certificaten.<\/p>\n<\/div>\n<\/div>\n<div  class=\"vc_toggle vc_toggle_round vc_toggle_color_juicy_pink  vc_toggle_size_md\">\n\t<div class=\"vc_toggle_title\"><h4>Kunnen de door u aangeboden certificaten voor offici\u00eble doeleinden worden gebruikt?<\/h4><i class=\"vc_toggle_icon\"><\/i><\/div>\n\t<div class=\"vc_toggle_content\"><p>Zeker. Wij bieden de premium IELTS-certificaten uitsluitend aan voor offici\u00eble doeleinden. Naast de garantie van 100% legitimiteit van de documenten, gebruiken we ook dezelfde tools en materialen om de originaliteit ervan te vergroten.<\/p>\n<\/div>\n<\/div>\n<div  class=\"vc_toggle vc_toggle_round vc_toggle_color_juicy_pink  vc_toggle_size_md\">\n\t<div class=\"vc_toggle_title\"><h4>Als ik een echt certificaat bestel, hoe weet ik dan zeker dat u mij een echt certificaat stuurt en geen nepcertificaat?<\/h4><i class=\"vc_toggle_icon\"><\/i><\/div>\n\t<div class=\"vc_toggle_content\"><p>We hanteren bepaalde veiligheidsmaatregelen bij de uitgifte van IELTS-certificaten, omdat de risico's in deze gedigitaliseerde samenleving hoog zijn. Daarom verifi\u00ebren we gebruikers door hen eenmalig wachtwoord (OTP) te sturen en hen te vragen in te loggen met hun offici\u00eble inloggegevens. Dit garandeert dat het door ons aangeboden certificaat authentiek en niet nep is.<\/p>\n<\/div>\n<\/div>\n<div  class=\"vc_toggle vc_toggle_round vc_toggle_color_juicy_pink  vc_toggle_size_md\">\n\t<div class=\"vc_toggle_title\"><h4>Op welke andere manieren kunnen documenten worden geverifieerd, naast de inloggegevens?<\/h4><i class=\"vc_toggle_icon\"><\/i><\/div>\n\t<div class=\"vc_toggle_content\"><p>Om de documenten op de beste manier te laten verifi\u00ebren, is het raadzaam om de offici\u00eble centra van de bevoegde autoriteiten te bezoeken.<\/p>\n<\/div>\n<\/div>\n<div  class=\"vc_toggle vc_toggle_round vc_toggle_color_juicy_pink  vc_toggle_size_md\">\n\t<div class=\"vc_toggle_title\"><h4>Hoe werkt het betalingssysteem van de dienst?<\/h4><i class=\"vc_toggle_icon\"><\/i><\/div>\n\t<div class=\"vc_toggle_content\"><p>Volgens de normen van ons bedrijf is het verplicht om minimaal 50% van het te betalen bedrag te betalen om veiligheidsredenen. De aanbetaling is echter volledig afhankelijk van het totaalbedrag.<\/p>\n<\/div>\n<\/div>\n<div  class=\"vc_toggle vc_toggle_round vc_toggle_color_juicy_pink  vc_toggle_size_md\">\n\t<div class=\"vc_toggle_title\"><h4>Kan ik van deze diensten gebruik maken nadat ik mij voor het examen heb geregistreerd?<\/h4><i class=\"vc_toggle_icon\"><\/i><\/div>\n\t<div class=\"vc_toggle_content\"><p>Sie k\u00f6nnen die IELTS-Zertifikatsdienste unseres Unternehmens unabh\u00e4ngig von Ihrem Pr\u00fcfungsergebnis nutzen. Wir erstellen Ihnen ein g\u00fcltiges IELTS-Zertifikat nach Ihren Anforderungen.<\/p>\n<\/div>\n<\/div>\n<div  class=\"vc_toggle vc_toggle_round vc_toggle_color_juicy_pink  vc_toggle_size_md\">\n\t<div class=\"vc_toggle_title\"><h4>Zou je slechte cijfers kunnen verbeteren?<\/h4><i class=\"vc_toggle_icon\"><\/i><\/div>\n\t<div class=\"vc_toggle_content\"><p>Ja. Alleen de vereiste kwalificaties en basisinformatie zijn vereist. De rest wordt geco\u00f6rdineerd door onze experts om de cijfers van het IELTS-certificaat te verbeteren.<\/p>\n<\/div>\n<\/div>\n<div  class=\"vc_toggle vc_toggle_round vc_toggle_color_juicy_pink  vc_toggle_size_md\">\n\t<div class=\"vc_toggle_title\"><h4>Hoe lang duurt de verzending van de certificaten?<\/h4><i class=\"vc_toggle_icon\"><\/i><\/div>\n\t<div class=\"vc_toggle_content\"><p>Nadat de betalingsprocedure is afgerond, verstrekken wij het certificaat binnen een termijn van 2-3 dagen.<\/p>\n<\/div>\n<\/div>\n<div  class=\"vc_toggle vc_toggle_round vc_toggle_color_juicy_pink  vc_toggle_size_md\">\n\t<div class=\"vc_toggle_title\"><h4>Hoe nemen wij contact met u op over verdere vereisten nadat u het certificaat hebt ontvangen?<\/h4><i class=\"vc_toggle_icon\"><\/i><\/div>\n\t<div class=\"vc_toggle_content\"><p>U kunt eenvoudig contact met ons opnemen via onze website of e-mailadres. Onze contactgegevens wijzigen wij nauwelijks.<\/p>\n<\/div>\n<\/div>\n<\/div><\/div><\/div><\/div><div class=\"vc_row-full-width vc_clearfix\"><\/div>","protected":false},"excerpt":{"rendered":"ABOUT IELTS CERTIFICATE Frequently Asked Questions &amp; Answers What is the procedure for this service? Firstly, you would have to contact us [...]","protected":false},"author":1,"featured_media":0,"parent":0,"menu_order":0,"comment_status":"closed","ping_status":"closed","template":"","meta":{"footnotes":"","_joinchat":[]},"yoast_head":"<!-- This site is optimized with the Yoast SEO plugin v22.2 - https:\/\/yoast.com\/wordpress\/plugins\/seo\/ -->\n<title>FAQs - Elite Docs Express - Buy Real Documents Online<\/title>\n<meta name=\"robots\" content=\"index, follow, max-snippet:-1, max-image-preview:large, max-video-preview:-1\" \/>\n<link rel=\"canonical\" href=\"https:\/\/www.elitedocsexpress.com\/nl\/veelgestelde-vragen\/\" \/>\n<meta property=\"og:locale\" content=\"nl_NL\" \/>\n<meta property=\"og:type\" content=\"article\" \/>\n<meta property=\"og:title\" content=\"FAQs - Elite Docs Express - Buy Real Documents Online\" \/>\n<meta property=\"og:url\" content=\"https:\/\/www.elitedocsexpress.com\/nl\/veelgestelde-vragen\/\" \/>\n<meta property=\"og:site_name\" content=\"Elite Docs Express - Buy Real Documents Online\" \/>\n<meta property=\"article:modified_time\" content=\"2020-11-07T16:48:54+00:00\" \/>\n<meta name=\"twitter:card\" content=\"summary_large_image\" \/>\n<meta name=\"twitter:label1\" content=\"Geschatte leestijd\" \/>\n\t<meta name=\"twitter:data1\" content=\"3 minuten\" \/>\n<script type=\"application\/ld+json\" class=\"yoast-schema-graph\">{\"@context\":\"https:\/\/schema.org\",\"@graph\":[{\"@type\":\"WebPage\",\"@id\":\"https:\/\/www.elitedocsexpress.com\/faqs\/\",\"url\":\"https:\/\/www.elitedocsexpress.com\/faqs\/\",\"name\":\"FAQs - Elite Docs Express - Buy Real Documents Online\",\"isPartOf\":{\"@id\":\"https:\/\/www.elitedocsexpress.com\/#website\"},\"datePublished\":\"2018-12-12T05:47:31+00:00\",\"dateModified\":\"2020-11-07T16:48:54+00:00\",\"breadcrumb\":{\"@id\":\"https:\/\/www.elitedocsexpress.com\/faqs\/#breadcrumb\"},\"inLanguage\":\"nl-NL\",\"potentialAction\":[{\"@type\":\"ReadAction\",\"target\":[\"https:\/\/www.elitedocsexpress.com\/faqs\/\"]}]},{\"@type\":\"BreadcrumbList\",\"@id\":\"https:\/\/www.elitedocsexpress.com\/faqs\/#breadcrumb\",\"itemListElement\":[{\"@type\":\"ListItem\",\"position\":1,\"name\":\"Home\",\"item\":\"https:\/\/www.elitedocsexpress.com\/\"},{\"@type\":\"ListItem\",\"position\":2,\"name\":\"FAQs\"}]},{\"@type\":\"WebSite\",\"@id\":\"https:\/\/www.elitedocsexpress.com\/#website\",\"url\":\"https:\/\/www.elitedocsexpress.com\/\",\"name\":\"Elite Docs Express - Buy Real Documents Online\",\"description\":\"\",\"potentialAction\":[{\"@type\":\"SearchAction\",\"target\":{\"@type\":\"EntryPoint\",\"urlTemplate\":\"https:\/\/www.elitedocsexpress.com\/?s={search_term_string}\"},\"query-input\":\"required name=search_term_string\"}],\"inLanguage\":\"nl-NL\"}]}<\/script>\n<!-- \/ Yoast SEO plugin. -->","yoast_head_json":{"title":"FAQs - Elite Docs Express - Buy Real Documents Online","robots":{"index":"index","follow":"follow","max-snippet":"max-snippet:-1","max-image-preview":"max-image-preview:large","max-video-preview":"max-video-preview:-1"},"canonical":"https:\/\/www.elitedocsexpress.com\/nl\/veelgestelde-vragen\/","og_locale":"nl_NL","og_type":"article","og_title":"FAQs - Elite Docs Express - Buy Real Documents Online","og_url":"https:\/\/www.elitedocsexpress.com\/nl\/veelgestelde-vragen\/","og_site_name":"Elite Docs Express - Buy Real Documents Online","article_modified_time":"2020-11-07T16:48:54+00:00","twitter_card":"summary_large_image","twitter_misc":{"Geschatte leestijd":"3 minuten"},"schema":{"@context":"https:\/\/schema.org","@graph":[{"@type":"WebPage","@id":"https:\/\/www.elitedocsexpress.com\/faqs\/","url":"https:\/\/www.elitedocsexpress.com\/faqs\/","name":"FAQs - Elite Docs Express - Buy Real Documents Online","isPartOf":{"@id":"https:\/\/www.elitedocsexpress.com\/#website"},"datePublished":"2018-12-12T05:47:31+00:00","dateModified":"2020-11-07T16:48:54+00:00","breadcrumb":{"@id":"https:\/\/www.elitedocsexpress.com\/faqs\/#breadcrumb"},"inLanguage":"nl-NL","potentialAction":[{"@type":"ReadAction","target":["https:\/\/www.elitedocsexpress.com\/faqs\/"]}]},{"@type":"BreadcrumbList","@id":"https:\/\/www.elitedocsexpress.com\/faqs\/#breadcrumb","itemListElement":[{"@type":"ListItem","position":1,"name":"Home","item":"https:\/\/www.elitedocsexpress.com\/"},{"@type":"ListItem","position":2,"name":"FAQs"}]},{"@type":"WebSite","@id":"https:\/\/www.elitedocsexpress.com\/#website","url":"https:\/\/www.elitedocsexpress.com\/","name":"Elite Docs Express - Buy Real Documents Online","description":"","potentialAction":[{"@type":"SearchAction","target":{"@type":"EntryPoint","urlTemplate":"https:\/\/www.elitedocsexpress.com\/?s={search_term_string}"},"query-input":"required name=search_term_string"}],"inLanguage":"nl-NL"}]}},"_links":{"self":[{"href":"https:\/\/www.elitedocsexpress.com\/nl\/wp-json\/wp\/v2\/pages\/3328"}],"collection":[{"href":"https:\/\/www.elitedocsexpress.com\/nl\/wp-json\/wp\/v2\/pages"}],"about":[{"href":"https:\/\/www.elitedocsexpress.com\/nl\/wp-json\/wp\/v2\/types\/page"}],"author":[{"embeddable":true,"href":"https:\/\/www.elitedocsexpress.com\/nl\/wp-json\/wp\/v2\/users\/1"}],"replies":[{"embeddable":true,"href":"https:\/\/www.elitedocsexpress.com\/nl\/wp-json\/wp\/v2\/comments?post=3328"}],"version-history":[{"count":2,"href":"https:\/\/www.elitedocsexpress.com\/nl\/wp-json\/wp\/v2\/pages\/3328\/revisions"}],"predecessor-version":[{"id":3599,"href":"https:\/\/www.elitedocsexpress.com\/nl\/wp-json\/wp\/v2\/pages\/3328\/revisions\/3599"}],"wp:attachment":[{"href":"https:\/\/www.elitedocsexpress.com\/nl\/wp-json\/wp\/v2\/media?parent=3328"}],"curies":[{"name":"wp","href":"https:\/\/api.w.org\/{rel}","templated":true}]}}