{"id":3328,"date":"2018-12-12T05:47:31","date_gmt":"2018-12-12T05:47:31","guid":{"rendered":"https:\/\/rstheme.com\/products\/wordpress\/finoptis\/consulting\/?page_id=3328"},"modified":"2020-11-07T16:48:54","modified_gmt":"2020-11-07T16:48:54","slug":"faqs","status":"publish","type":"page","link":"https:\/\/www.elitedocsexpress.com\/it\/domande-frequenti\/","title":{"rendered":"Domande frequenti"},"content":{"rendered":"<div data-vc-full-width=\"true\" data-vc-full-width-init=\"false\" class=\"vc_row wpb_row vc_row-fluid vc_custom_1544602186177 vc_row-has-fill vc_row-o-equal-height vc_row-flex\"><div class=\"wpb_column vc_column_container vc_col-sm-12\"><div class=\"vc_column-inner vc_custom_1544604165863\"><div class=\"wpb_wrapper\">\r\n        <div class=\"rs-heading style3  vc_custom_1559808113430\">\r\n        \t<div class=\"title-inner\">\r\n\t            \r\n\t            <h3 class=\"title\">ABOUT IELTS CERTIFICATE<\/h3>\r\n\t            \r\n\t        <\/div><div class=\"description\"><p >Domande e risposte frequenti<\/p><\/div><\/div><div  class=\"vc_toggle vc_toggle_round vc_toggle_color_juicy_pink  vc_toggle_size_md vc_toggle_active\">\n\t<div class=\"vc_toggle_title\"><h4>Qual \u00e8 la procedura per questo servizio?<\/h4><i class=\"vc_toggle_icon\"><\/i><\/div>\n\t<div class=\"vc_toggle_content\"><p>Innanzitutto, dovrete contattarci tramite il nostro sito web ufficiale o via e-mail. Non appena riceveremo l'e-mail, vi risponderemo in merito ai documenti e alle informazioni necessarie per la preparazione del certificato. Una volta inviate le informazioni, dovrete completare la procedura di pagamento. Una volta completata la procedura di pagamento, i nostri esperti avvieranno il processo di creazione del certificato, che potrete ricevere entro pochi giorni.<\/p>\n<\/div>\n<\/div>\n<div  class=\"vc_toggle vc_toggle_round vc_toggle_color_juicy_pink  vc_toggle_size_md\">\n\t<div class=\"vc_toggle_title\"><h4>Perch\u00e9 dovrei affidarmi al vostro servizio?<\/h4><i class=\"vc_toggle_icon\"><\/i><\/div>\n\t<div class=\"vc_toggle_content\"><p>In qualit\u00e0 di rinomata azienda di certificazione IELTS, collaboriamo con i membri ufficiali di questi enti per lo svolgimento del processo. Inoltre, garantiamo il 100% di successo in termini di autenticit\u00e0 e legittimit\u00e0 dei certificati.<\/p>\n<\/div>\n<\/div>\n<div  class=\"vc_toggle vc_toggle_round vc_toggle_color_juicy_pink  vc_toggle_size_md\">\n\t<div class=\"vc_toggle_title\"><h4>I certificati da voi rilasciati possono essere utilizzati per scopi ufficiali?<\/h4><i class=\"vc_toggle_icon\"><\/i><\/div>\n\t<div class=\"vc_toggle_content\"><p>Certamente. Offriamo certificati IELTS di alta qualit\u00e0 esclusivamente per scopi ufficiali. Oltre a garantire la validit\u00e0 assoluta dei documenti, utilizziamo gli stessi strumenti e materiali per migliorarne l'originalit\u00e0.<\/p>\n<\/div>\n<\/div>\n<div  class=\"vc_toggle vc_toggle_round vc_toggle_color_juicy_pink  vc_toggle_size_md\">\n\t<div class=\"vc_toggle_title\"><h4>Se ordino un certificato autentico, come faccio a sapere che mi verr\u00e0 inviato un certificato autentico e non uno falso?<\/h4><i class=\"vc_toggle_icon\"><\/i><\/div>\n\t<div class=\"vc_toggle_content\"><p>Adottiamo misure di sicurezza specifiche per il rilascio dei certificati IELTS, poich\u00e9 i rischi sono elevati in questa societ\u00e0 digitalizzata. Per questo motivo, verifichiamo gli utenti inviando loro delle OTP e chiedendo loro di accedere con le proprie credenziali ufficiali. Questo garantisce che il certificato da noi offerto sia autentico e non falso.<\/p>\n<\/div>\n<\/div>\n<div  class=\"vc_toggle vc_toggle_round vc_toggle_color_juicy_pink  vc_toggle_size_md\">\n\t<div class=\"vc_toggle_title\"><h4>Oltre alle credenziali di accesso, quali altri modi ci sono per verificare i documenti?<\/h4><i class=\"vc_toggle_icon\"><\/i><\/div>\n\t<div class=\"vc_toggle_content\"><p>Per verificare i documenti nel modo pi\u00f9 accurato possibile, \u00e8 consigliabile recarsi presso le sedi ufficiali delle autorit\u00e0 competenti.<\/p>\n<\/div>\n<\/div>\n<div  class=\"vc_toggle vc_toggle_round vc_toggle_color_juicy_pink  vc_toggle_size_md\">\n\t<div class=\"vc_toggle_title\"><h4>Qual \u00e8 il sistema di pagamento del servizio?<\/h4><i class=\"vc_toggle_icon\"><\/i><\/div>\n\t<div class=\"vc_toggle_content\"><p>Secondo le norme della nostra azienda, per motivi di sicurezza \u00e8 obbligatorio versare almeno il 50% dell'importo totale. Tuttavia, il pagamento iniziale dipende interamente dall'importo totale.<\/p>\n<\/div>\n<\/div>\n<div  class=\"vc_toggle vc_toggle_round vc_toggle_color_juicy_pink  vc_toggle_size_md\">\n\t<div class=\"vc_toggle_title\"><h4>Dopo essermi iscritto all'esame, potr\u00f2 usufruire di questi servizi?<\/h4><i class=\"vc_toggle_icon\"><\/i><\/div>\n\t<div class=\"vc_toggle_content\"><p>Certamente poder\u00e1 usufruir dos servi\u00e7os de certifica\u00e7\u00e3o IELTS da nossa empresa, independentemente dos resultados do seu exame. A nossa empresa produzir\u00e1 um certificado IELTS leg\u00edtimo de acordo com as suas necessidades.<\/p>\n<\/div>\n<\/div>\n<div  class=\"vc_toggle vc_toggle_round vc_toggle_color_juicy_pink  vc_toggle_size_md\">\n\t<div class=\"vc_toggle_title\"><h4>Con brutti voti, riusciresti a risolvere la situazione?<\/h4><i class=\"vc_toggle_icon\"><\/i><\/div>\n\t<div class=\"vc_toggle_content\"><p>S\u00ec. Sono richiesti solo i titoli di studio e le informazioni di base. Il resto sar\u00e0 coordinato dai nostri esperti per il miglioramento dei voti del certificato IELTS.<\/p>\n<\/div>\n<\/div>\n<div  class=\"vc_toggle vc_toggle_round vc_toggle_color_juicy_pink  vc_toggle_size_md\">\n\t<div class=\"vc_toggle_title\"><h4>Qual \u00e9 o prazo de envio dos certificados?<\/h4><i class=\"vc_toggle_icon\"><\/i><\/div>\n\t<div class=\"vc_toggle_content\"><p>Una volta completata la procedura di pagamento, vi forniremo il certificato entro 2-3 giorni.<\/p>\n<\/div>\n<\/div>\n<div  class=\"vc_toggle vc_toggle_round vc_toggle_color_juicy_pink  vc_toggle_size_md\">\n\t<div class=\"vc_toggle_title\"><h4>Dopo aver ricevuto il certificato, come ti contatteremo per ulteriori esigenze?<\/h4><i class=\"vc_toggle_icon\"><\/i><\/div>\n\t<div class=\"vc_toggle_content\"><p>Potete contattarci facilmente tramite il nostro sito web o il nostro indirizzo email. I nostri recapiti non subiscono praticamente alcuna modifica.<\/p>\n<\/div>\n<\/div>\n<\/div><\/div><\/div><\/div><div class=\"vc_row-full-width vc_clearfix\"><\/div>","protected":false},"excerpt":{"rendered":"ABOUT IELTS CERTIFICATE Frequently Asked Questions &amp; Answers What is the procedure for this service? Firstly, you would have to contact us [...]","protected":false},"author":1,"featured_media":0,"parent":0,"menu_order":0,"comment_status":"closed","ping_status":"closed","template":"","meta":{"footnotes":"","_joinchat":[]},"yoast_head":"<!-- This site is optimized with the Yoast SEO plugin v22.2 - https:\/\/yoast.com\/wordpress\/plugins\/seo\/ -->\n<title>FAQs - Elite Docs Express - Buy Real Documents Online<\/title>\n<meta name=\"robots\" content=\"index, follow, max-snippet:-1, max-image-preview:large, max-video-preview:-1\" \/>\n<link rel=\"canonical\" href=\"https:\/\/www.elitedocsexpress.com\/it\/domande-frequenti\/\" \/>\n<meta property=\"og:locale\" content=\"it_IT\" \/>\n<meta property=\"og:type\" content=\"article\" \/>\n<meta property=\"og:title\" content=\"FAQs - Elite Docs Express - Buy Real Documents Online\" \/>\n<meta property=\"og:url\" content=\"https:\/\/www.elitedocsexpress.com\/it\/domande-frequenti\/\" \/>\n<meta property=\"og:site_name\" content=\"Elite Docs Express - Buy Real Documents Online\" \/>\n<meta property=\"article:modified_time\" content=\"2020-11-07T16:48:54+00:00\" \/>\n<meta name=\"twitter:card\" content=\"summary_large_image\" \/>\n<meta name=\"twitter:label1\" content=\"Tempo di lettura stimato\" \/>\n\t<meta name=\"twitter:data1\" content=\"3 minuti\" \/>\n<script type=\"application\/ld+json\" class=\"yoast-schema-graph\">{\"@context\":\"https:\/\/schema.org\",\"@graph\":[{\"@type\":\"WebPage\",\"@id\":\"https:\/\/www.elitedocsexpress.com\/faqs\/\",\"url\":\"https:\/\/www.elitedocsexpress.com\/faqs\/\",\"name\":\"FAQs - Elite Docs Express - Buy Real Documents Online\",\"isPartOf\":{\"@id\":\"https:\/\/www.elitedocsexpress.com\/#website\"},\"datePublished\":\"2018-12-12T05:47:31+00:00\",\"dateModified\":\"2020-11-07T16:48:54+00:00\",\"breadcrumb\":{\"@id\":\"https:\/\/www.elitedocsexpress.com\/faqs\/#breadcrumb\"},\"inLanguage\":\"it-IT\",\"potentialAction\":[{\"@type\":\"ReadAction\",\"target\":[\"https:\/\/www.elitedocsexpress.com\/faqs\/\"]}]},{\"@type\":\"BreadcrumbList\",\"@id\":\"https:\/\/www.elitedocsexpress.com\/faqs\/#breadcrumb\",\"itemListElement\":[{\"@type\":\"ListItem\",\"position\":1,\"name\":\"Home\",\"item\":\"https:\/\/www.elitedocsexpress.com\/\"},{\"@type\":\"ListItem\",\"position\":2,\"name\":\"FAQs\"}]},{\"@type\":\"WebSite\",\"@id\":\"https:\/\/www.elitedocsexpress.com\/#website\",\"url\":\"https:\/\/www.elitedocsexpress.com\/\",\"name\":\"Elite Docs Express - Buy Real Documents Online\",\"description\":\"\",\"potentialAction\":[{\"@type\":\"SearchAction\",\"target\":{\"@type\":\"EntryPoint\",\"urlTemplate\":\"https:\/\/www.elitedocsexpress.com\/?s={search_term_string}\"},\"query-input\":\"required name=search_term_string\"}],\"inLanguage\":\"it-IT\"}]}<\/script>\n<!-- \/ Yoast SEO plugin. -->","yoast_head_json":{"title":"FAQs - Elite Docs Express - Buy Real Documents Online","robots":{"index":"index","follow":"follow","max-snippet":"max-snippet:-1","max-image-preview":"max-image-preview:large","max-video-preview":"max-video-preview:-1"},"canonical":"https:\/\/www.elitedocsexpress.com\/it\/domande-frequenti\/","og_locale":"it_IT","og_type":"article","og_title":"FAQs - Elite Docs Express - Buy Real Documents Online","og_url":"https:\/\/www.elitedocsexpress.com\/it\/domande-frequenti\/","og_site_name":"Elite Docs Express - Buy Real Documents Online","article_modified_time":"2020-11-07T16:48:54+00:00","twitter_card":"summary_large_image","twitter_misc":{"Tempo di lettura stimato":"3 minuti"},"schema":{"@context":"https:\/\/schema.org","@graph":[{"@type":"WebPage","@id":"https:\/\/www.elitedocsexpress.com\/faqs\/","url":"https:\/\/www.elitedocsexpress.com\/faqs\/","name":"FAQs - Elite Docs Express - Buy Real Documents Online","isPartOf":{"@id":"https:\/\/www.elitedocsexpress.com\/#website"},"datePublished":"2018-12-12T05:47:31+00:00","dateModified":"2020-11-07T16:48:54+00:00","breadcrumb":{"@id":"https:\/\/www.elitedocsexpress.com\/faqs\/#breadcrumb"},"inLanguage":"it-IT","potentialAction":[{"@type":"ReadAction","target":["https:\/\/www.elitedocsexpress.com\/faqs\/"]}]},{"@type":"BreadcrumbList","@id":"https:\/\/www.elitedocsexpress.com\/faqs\/#breadcrumb","itemListElement":[{"@type":"ListItem","position":1,"name":"Home","item":"https:\/\/www.elitedocsexpress.com\/"},{"@type":"ListItem","position":2,"name":"FAQs"}]},{"@type":"WebSite","@id":"https:\/\/www.elitedocsexpress.com\/#website","url":"https:\/\/www.elitedocsexpress.com\/","name":"Elite Docs Express - Buy Real Documents Online","description":"","potentialAction":[{"@type":"SearchAction","target":{"@type":"EntryPoint","urlTemplate":"https:\/\/www.elitedocsexpress.com\/?s={search_term_string}"},"query-input":"required name=search_term_string"}],"inLanguage":"it-IT"}]}},"_links":{"self":[{"href":"https:\/\/www.elitedocsexpress.com\/it\/wp-json\/wp\/v2\/pages\/3328"}],"collection":[{"href":"https:\/\/www.elitedocsexpress.com\/it\/wp-json\/wp\/v2\/pages"}],"about":[{"href":"https:\/\/www.elitedocsexpress.com\/it\/wp-json\/wp\/v2\/types\/page"}],"author":[{"embeddable":true,"href":"https:\/\/www.elitedocsexpress.com\/it\/wp-json\/wp\/v2\/users\/1"}],"replies":[{"embeddable":true,"href":"https:\/\/www.elitedocsexpress.com\/it\/wp-json\/wp\/v2\/comments?post=3328"}],"version-history":[{"count":2,"href":"https:\/\/www.elitedocsexpress.com\/it\/wp-json\/wp\/v2\/pages\/3328\/revisions"}],"predecessor-version":[{"id":3599,"href":"https:\/\/www.elitedocsexpress.com\/it\/wp-json\/wp\/v2\/pages\/3328\/revisions\/3599"}],"wp:attachment":[{"href":"https:\/\/www.elitedocsexpress.com\/it\/wp-json\/wp\/v2\/media?parent=3328"}],"curies":[{"name":"wp","href":"https:\/\/api.w.org\/{rel}","templated":true}]}}