{"id":1739,"date":"2018-11-17T04:41:46","date_gmt":"2018-11-17T04:41:46","guid":{"rendered":"http:\/\/192.168.0.250\/business\/?page_id=1739"},"modified":"2023-05-06T08:24:57","modified_gmt":"2023-05-06T08:24:57","slug":"about-us","status":"publish","type":"page","link":"https:\/\/www.elitedocsexpress.com\/it\/chi-siamo\/","title":{"rendered":"Chi siamo"},"content":{"rendered":"<div data-vc-full-width=\"true\" data-vc-full-width-init=\"false\" class=\"vc_row wpb_row vc_row-fluid vc_custom_1559807673988 vc_row-has-fill\"><div class=\"wpb_column vc_column_container vc_col-sm-12\"><div class=\"vc_column-inner\"><div class=\"wpb_wrapper\"><div class=\"vc_row wpb_row vc_inner vc_row-fluid vc_custom_1543575471631 vc_row-o-content-middle vc_row-flex\"><div class=\"wpb_column vc_column_container vc_col-sm-12\"><div class=\"vc_column-inner vc_custom_1544503666201\"><div class=\"wpb_wrapper\">\r\n        <div class=\"rs-heading style3\">\r\n        \t<div class=\"title-inner\">\r\n\t            <span class=\"sub-text\">[Documenti di grado A++]<\/span>\r\n\t            <h2 class=\"title\">Garantiamo la tua soddisfazione<\/h2>\r\n\t            \r\n\t        <\/div><\/div>\n\t<div class=\"wpb_text_column wpb_content_element\" >\n\t\t<div class=\"wpb_wrapper\">\n\t\t\t<p style=\"text-align: justify;\"><strong><em>EliteDocsExpress<\/em><\/strong> fornisce un servizio prezioso per quanto riguarda l'offerta dei certificati per TOEFL, IELTS, CELPIP, GRE, GMAT, ecc. I nostri lavoratori e dipendenti esperti tirano fuori le migliori idee per fornire certificati validi agli utenti. Fondamentalmente, questi esami sopra menzionati sono tipi di parametri riguardanti le procedure di immigrazione negli Stati Uniti, Canada, Regno Unito, Australia, Francia, Germania, Spagna, Portogallo, Italia, Paesi Bassi, ecc. L'esame riguarda la conoscenza dei candidati per quanto riguarda l'inglese lingua. Tuttavia, i nostri servizi hanno facilitato in larga misura il carico dei candidati. La nostra azienda ha collaborazioni con le organizzazioni autentiche in tutti i paesi per produrre documenti e certificati validi per gli utenti. Insieme agli aspetti dei certificati, siamo anche esperti nelle procedure di recupero di VISA, patente di guida, denaro contraffatto, carta d'identit\u00e0 e passaporto da questi rispettivi paesi.<\/p>\n<p style=\"text-align: justify;\">La nostra azienda si avvale di tutti i tipi di servizi relativi all'immigrazione e alle procedure di esame di idoneit\u00e0. In termini di certificati, la nostra azienda \u00e8 direttamente collegata con le universit\u00e0 d'\u00e9lite come l'Universit\u00e0 di Cambridge, i British Councils, ecc. Quindi, assicuriamo il 100% di autenticit\u00e0 e documenti legittimi in termini di certificati. Come quello del passaporto e dei servizi VISA, questi documenti potrebbero essere facilmente verificati nei siti online ufficiali dei servizi di immigrazione dei rispettivi paesi.<\/p>\n<p style=\"text-align: justify;\">Come rapporto statistico, \u00e8 giustificato che abbiamo utilizzato i certificati per un gran numero di candidati in base ai criteri di immigrazione. I nostri clienti e lavoratori esperti trattano direttamente con i funzionari governativi delle rispettive autorit\u00e0. Pertanto, rimane un tocco di chiarezza in ogni procedura. Oltre ai servizi relativi ai certificati IELTS, offriamo anche sconti ai nostri clienti per ordinare pi\u00f9 di un certificato o documento. Questo \u00e8 il miglior tipo di servizio offerto dalla nostra azienda agli utenti per mantenere un rapporto di qualit\u00e0 con loro. A parte il momento del rilascio di questi documenti e certificati, tendiamo ad offrire il nostro supporto agli utenti anche dopo la fine del servizio. Questo migliora la reputazione della nostra azienda rispetto alle altre nel campo dell'emissione dei documenti ufficiali e validi.<\/p>\n<p style=\"text-align: justify;\">L'acquisto di documenti veri e falsi dal nostro sito Web aziendale \u00e8 l'opzione pi\u00f9 sicura in quanto altamente certificati e autenticati. Pertanto, gli utenti e i candidati che acquistano o rilasciano i documenti dalla nostra azienda non dovrebbero affrontare alcun tipo di problema relativo alle procedure di immigrazione.<\/p>\n<p style=\"text-align: justify;\">Chiamaci 24 ore su 24, 7 giorni su 7. Risponderemo a tutte le tue domande.<\/p>\n<ul class=\"stylelisting\">\n<li style=\"text-align: justify;\">Phone: +1\u00a0(423)\u00a0503\u20117048<\/li>\n<li style=\"text-align: justify;\">Email: info@elitedocsexpress.com<\/li>\n<\/ul>\n\n\t\t<\/div>\n\t<\/div>\n<\/div><\/div><\/div><\/div><\/div><\/div><\/div><\/div><div class=\"vc_row-full-width vc_clearfix\"><\/div><div data-vc-full-width=\"true\" data-vc-full-width-init=\"false\" class=\"vc_row wpb_row vc_row-fluid vc_custom_1543210890329 vc_row-has-fill\"><div class=\"wpb_column vc_column_container vc_col-sm-12\"><div class=\"vc_column-inner\"><div class=\"wpb_wrapper\">\r\n        <div class=\"rs-heading style3\">\r\n        \t<div class=\"title-inner\">\r\n\t            <span class=\"sub-text\">Testimonianze<\/span>\r\n\t            <h2 class=\"title\">Cosa dice il nostro cliente<\/h2>\r\n\t            \r\n\t        <\/div><\/div><div id=\"cl-testimonial\" class=\"cl-testimonial cl-testimonial9\">\r\n\t\t\t   \t\t<div class=\"container2 hide_arrow\">                \r\n\t\t\t\t\t\t<ul class=\"testimonial-slide9 slider9\"><li class=\"testimonial-item\">\r\n\t\t\t\t\t\t\t\t<div class=\"single-testimonial\">\t\t\t\t\t\t\t\t\r\n\t\t\t\t\t\t\t\t<div class=\"image-testimonial\"  style=\"color: #505050\">\r\n\t\t\t\t\t\t\t\t\t<p><i class=\"fa fa-quote-left\" style=\"color:#3a5ee5\"><\/i> Grazie a EliteDocsExpress per il suo straordinario aiuto. Ho ricevuto il mio certificato IELTS che \u00e8 originale e autentico. Assicuratevi di avere mie notizie al pi\u00f9 presto!!!<\/p>\r\n\r\n\t\t\t\t\t\t\t\t\t<div class=\"testimonial-image\">\r\n\t\t\t\t\t\t\t\t\t\t<img src=\"\" alt=\"Client Image\">\t\t\t\t\t\t\t\t\t\r\n\t\t\t\t\t\t\t\t\t<\/div>\r\n\t\t\t\t\t\t\t\t\t<ul class=\"cl-author-info\">\r\n\t\t\t\t\t\t\t\t\t\t<li  style=\"color: #28406d\">Devis John<\/li>\r\n\t\t\t\t\t\t\t\t\t\t<li  style=\"color: #505050\"><\/li><\/ul>\t\t\r\n\t\t\t\t\t\t\t\t<\/div>\r\n\t\t\t\t\t\t\t\t<\/div>\r\n\t\t\t\t\t\t\t\t<\/li><li class=\"testimonial-item\">\r\n\t\t\t\t\t\t\t\t<div class=\"single-testimonial\">\t\t\t\t\t\t\t\t\r\n\t\t\t\t\t\t\t\t<div class=\"image-testimonial\"  style=\"color: #505050\">\r\n\t\t\t\t\t\t\t\t\t<p><i class=\"fa fa-quote-left\" style=\"color:#3a5ee5\"><\/i> Vi sono grato per avermi fornito un certificato IELTS autentico con voti migliori, posso finalmente vivere il mio sogno.<\/p>\r\n\r\n\t\t\t\t\t\t\t\t\t<div class=\"testimonial-image\">\r\n\t\t\t\t\t\t\t\t\t\t<img src=\"\" alt=\"Client Image\">\t\t\t\t\t\t\t\t\t\r\n\t\t\t\t\t\t\t\t\t<\/div>\r\n\t\t\t\t\t\t\t\t\t<ul class=\"cl-author-info\">\r\n\t\t\t\t\t\t\t\t\t\t<li  style=\"color: #28406d\">Alisa Misa<\/li>\r\n\t\t\t\t\t\t\t\t\t\t<li  style=\"color: #505050\"><\/li><\/ul>\t\t\r\n\t\t\t\t\t\t\t\t<\/div>\r\n\t\t\t\t\t\t\t\t<\/div>\r\n\t\t\t\t\t\t\t\t<\/li><li class=\"testimonial-item\">\r\n\t\t\t\t\t\t\t\t<div class=\"single-testimonial\">\t\t\t\t\t\t\t\t\r\n\t\t\t\t\t\t\t\t<div class=\"image-testimonial\"  style=\"color: #505050\">\r\n\t\t\t\t\t\t\t\t\t<p><i class=\"fa fa-quote-left\" style=\"color:#3a5ee5\"><\/i> Vorrei ringraziare i tutor di EliteDocsExpress perch\u00e9 senza il loro aiuto non credo che avrei potuto superare l'IELTS. Consiglio vivamente EliteDocsExpress a tutti coloro che devono sostenere l'esame IELTS.<\/p>\r\n\r\n\t\t\t\t\t\t\t\t\t<div class=\"testimonial-image\">\r\n\t\t\t\t\t\t\t\t\t\t<img src=\"\" alt=\"Client Image\">\t\t\t\t\t\t\t\t\t\r\n\t\t\t\t\t\t\t\t\t<\/div>\r\n\t\t\t\t\t\t\t\t\t<ul class=\"cl-author-info\">\r\n\t\t\t\t\t\t\t\t\t\t<li  style=\"color: #28406d\">Jipsi<\/li>\r\n\t\t\t\t\t\t\t\t\t\t<li  style=\"color: #505050\"><\/li><\/ul>\t\t\r\n\t\t\t\t\t\t\t\t<\/div>\r\n\t\t\t\t\t\t\t\t<\/div>\r\n\t\t\t\t\t\t\t\t<\/li><\/ul><\/div>\r\n\t\t\t<\/div>\r\n\t\t\t\t<style>\r\n\t\t\t\t\t#cl-testimonial ul.slick-dots li button{border:1px solid#3a5ee5 !important;}\r\n\t\t\t\t\t#cl-testimonial ul.slick-dots li button:hover{background:#3a5ee5 !important;}\r\n\t\t\t\t\t#cl-testimonial .slick-active button{background:#3a5ee5 !important;}\r\n\t\t\t\t<\/style>\r\n\t\t\t<\/div><\/div><\/div><\/div><div class=\"vc_row-full-width vc_clearfix\"><\/div>","protected":false},"excerpt":{"rendered":"I would like to thank the EliteDocsExpress tutors because without their help, I don\u2019t think I could pass my IELTS. I would [...]","protected":false},"author":1,"featured_media":0,"parent":0,"menu_order":0,"comment_status":"closed","ping_status":"closed","template":"","meta":{"footnotes":"","_joinchat":[]},"yoast_head":"<!-- This site is optimized with the Yoast SEO plugin v22.2 - https:\/\/yoast.com\/wordpress\/plugins\/seo\/ -->\n<title>About Us - Elite Docs Express - Buy Real Documents Online<\/title>\n<meta name=\"robots\" content=\"index, follow, max-snippet:-1, max-image-preview:large, max-video-preview:-1\" \/>\n<link rel=\"canonical\" href=\"https:\/\/www.elitedocsexpress.com\/it\/chi-siamo\/\" \/>\n<meta property=\"og:locale\" content=\"it_IT\" \/>\n<meta property=\"og:type\" content=\"article\" \/>\n<meta property=\"og:title\" content=\"About Us - Elite Docs Express - Buy Real Documents Online\" \/>\n<meta property=\"og:url\" content=\"https:\/\/www.elitedocsexpress.com\/it\/chi-siamo\/\" \/>\n<meta property=\"og:site_name\" content=\"Elite Docs Express - Buy Real Documents Online\" \/>\n<meta property=\"article:modified_time\" content=\"2023-05-06T08:24:57+00:00\" \/>\n<meta name=\"twitter:card\" content=\"summary_large_image\" \/>\n<meta name=\"twitter:label1\" content=\"Tempo di lettura stimato\" \/>\n\t<meta name=\"twitter:data1\" content=\"3 minuti\" \/>\n<script type=\"application\/ld+json\" class=\"yoast-schema-graph\">{\"@context\":\"https:\/\/schema.org\",\"@graph\":[{\"@type\":\"WebPage\",\"@id\":\"https:\/\/www.elitedocsexpress.com\/about-us\/\",\"url\":\"https:\/\/www.elitedocsexpress.com\/about-us\/\",\"name\":\"About Us - Elite Docs Express - Buy Real Documents Online\",\"isPartOf\":{\"@id\":\"https:\/\/www.elitedocsexpress.com\/#website\"},\"datePublished\":\"2018-11-17T04:41:46+00:00\",\"dateModified\":\"2023-05-06T08:24:57+00:00\",\"breadcrumb\":{\"@id\":\"https:\/\/www.elitedocsexpress.com\/about-us\/#breadcrumb\"},\"inLanguage\":\"it-IT\",\"potentialAction\":[{\"@type\":\"ReadAction\",\"target\":[\"https:\/\/www.elitedocsexpress.com\/about-us\/\"]}]},{\"@type\":\"BreadcrumbList\",\"@id\":\"https:\/\/www.elitedocsexpress.com\/about-us\/#breadcrumb\",\"itemListElement\":[{\"@type\":\"ListItem\",\"position\":1,\"name\":\"Home\",\"item\":\"https:\/\/www.elitedocsexpress.com\/\"},{\"@type\":\"ListItem\",\"position\":2,\"name\":\"About Us\"}]},{\"@type\":\"WebSite\",\"@id\":\"https:\/\/www.elitedocsexpress.com\/#website\",\"url\":\"https:\/\/www.elitedocsexpress.com\/\",\"name\":\"Elite Docs Express - Buy Real Documents Online\",\"description\":\"\",\"potentialAction\":[{\"@type\":\"SearchAction\",\"target\":{\"@type\":\"EntryPoint\",\"urlTemplate\":\"https:\/\/www.elitedocsexpress.com\/?s={search_term_string}\"},\"query-input\":\"required name=search_term_string\"}],\"inLanguage\":\"it-IT\"}]}<\/script>\n<!-- \/ Yoast SEO plugin. -->","yoast_head_json":{"title":"About Us - Elite Docs Express - Buy Real Documents Online","robots":{"index":"index","follow":"follow","max-snippet":"max-snippet:-1","max-image-preview":"max-image-preview:large","max-video-preview":"max-video-preview:-1"},"canonical":"https:\/\/www.elitedocsexpress.com\/it\/chi-siamo\/","og_locale":"it_IT","og_type":"article","og_title":"About Us - Elite Docs Express - Buy Real Documents Online","og_url":"https:\/\/www.elitedocsexpress.com\/it\/chi-siamo\/","og_site_name":"Elite Docs Express - Buy Real Documents Online","article_modified_time":"2023-05-06T08:24:57+00:00","twitter_card":"summary_large_image","twitter_misc":{"Tempo di lettura stimato":"3 minuti"},"schema":{"@context":"https:\/\/schema.org","@graph":[{"@type":"WebPage","@id":"https:\/\/www.elitedocsexpress.com\/about-us\/","url":"https:\/\/www.elitedocsexpress.com\/about-us\/","name":"About Us - Elite Docs Express - Buy Real Documents Online","isPartOf":{"@id":"https:\/\/www.elitedocsexpress.com\/#website"},"datePublished":"2018-11-17T04:41:46+00:00","dateModified":"2023-05-06T08:24:57+00:00","breadcrumb":{"@id":"https:\/\/www.elitedocsexpress.com\/about-us\/#breadcrumb"},"inLanguage":"it-IT","potentialAction":[{"@type":"ReadAction","target":["https:\/\/www.elitedocsexpress.com\/about-us\/"]}]},{"@type":"BreadcrumbList","@id":"https:\/\/www.elitedocsexpress.com\/about-us\/#breadcrumb","itemListElement":[{"@type":"ListItem","position":1,"name":"Home","item":"https:\/\/www.elitedocsexpress.com\/"},{"@type":"ListItem","position":2,"name":"About Us"}]},{"@type":"WebSite","@id":"https:\/\/www.elitedocsexpress.com\/#website","url":"https:\/\/www.elitedocsexpress.com\/","name":"Elite Docs Express - Buy Real Documents Online","description":"","potentialAction":[{"@type":"SearchAction","target":{"@type":"EntryPoint","urlTemplate":"https:\/\/www.elitedocsexpress.com\/?s={search_term_string}"},"query-input":"required name=search_term_string"}],"inLanguage":"it-IT"}]}},"_links":{"self":[{"href":"https:\/\/www.elitedocsexpress.com\/it\/wp-json\/wp\/v2\/pages\/1739"}],"collection":[{"href":"https:\/\/www.elitedocsexpress.com\/it\/wp-json\/wp\/v2\/pages"}],"about":[{"href":"https:\/\/www.elitedocsexpress.com\/it\/wp-json\/wp\/v2\/types\/page"}],"author":[{"embeddable":true,"href":"https:\/\/www.elitedocsexpress.com\/it\/wp-json\/wp\/v2\/users\/1"}],"replies":[{"embeddable":true,"href":"https:\/\/www.elitedocsexpress.com\/it\/wp-json\/wp\/v2\/comments?post=1739"}],"version-history":[{"count":7,"href":"https:\/\/www.elitedocsexpress.com\/it\/wp-json\/wp\/v2\/pages\/1739\/revisions"}],"predecessor-version":[{"id":3592,"href":"https:\/\/www.elitedocsexpress.com\/it\/wp-json\/wp\/v2\/pages\/1739\/revisions\/3592"}],"wp:attachment":[{"href":"https:\/\/www.elitedocsexpress.com\/it\/wp-json\/wp\/v2\/media?parent=1739"}],"curies":[{"name":"wp","href":"https:\/\/api.w.org\/{rel}","templated":true}]}}