{"id":3328,"date":"2018-12-12T05:47:31","date_gmt":"2018-12-12T05:47:31","guid":{"rendered":"https:\/\/rstheme.com\/products\/wordpress\/finoptis\/consulting\/?page_id=3328"},"modified":"2020-11-07T16:48:54","modified_gmt":"2020-11-07T16:48:54","slug":"faqs","status":"publish","type":"page","link":"https:\/\/www.elitedocsexpress.com\/fr\/faqs\/","title":{"rendered":"FAQ"},"content":{"rendered":"<div data-vc-full-width=\"true\" data-vc-full-width-init=\"false\" class=\"vc_row wpb_row vc_row-fluid vc_custom_1544602186177 vc_row-has-fill vc_row-o-equal-height vc_row-flex\"><div class=\"wpb_column vc_column_container vc_col-sm-12\"><div class=\"vc_column-inner vc_custom_1544604165863\"><div class=\"wpb_wrapper\">\r\n        <div class=\"rs-heading style3  vc_custom_1559808113430\">\r\n        \t<div class=\"title-inner\">\r\n\t            \r\n\t            <h3 class=\"title\">ABOUT IELTS CERTIFICATE<\/h3>\r\n\t            \r\n\t        <\/div><div class=\"description\"><p >Questions et r\u00e9ponses fr\u00e9quemment pos\u00e9es<\/p><\/div><\/div><div  class=\"vc_toggle vc_toggle_round vc_toggle_color_juicy_pink  vc_toggle_size_md vc_toggle_active\">\n\t<div class=\"vc_toggle_title\"><h4>Quelle est la proc\u00e9dure pour ce service ?<\/h4><i class=\"vc_toggle_icon\"><\/i><\/div>\n\t<div class=\"vc_toggle_content\"><p>Tout d'abord, vous devez nous contacter via notre site web officiel ou par e-mail. D\u00e8s r\u00e9ception de votre courrier, nous vous r\u00e9pondrons avec les documents et les informations n\u00e9cessaires \u00e0 la pr\u00e9paration du certificat. Une fois ces informations envoy\u00e9es, vous devrez finaliser la proc\u00e9dure de paiement. Une fois le paiement effectu\u00e9, nos experts lanceront la cr\u00e9ation du certificat, que vous pourrez r\u00e9cup\u00e9rer sous quelques jours.<\/p>\n<\/div>\n<\/div>\n<div  class=\"vc_toggle vc_toggle_round vc_toggle_color_juicy_pink  vc_toggle_size_md\">\n\t<div class=\"vc_toggle_title\"><h4>Pourquoi devrais-je faire confiance \u00e0 votre service ?<\/h4><i class=\"vc_toggle_icon\"><\/i><\/div>\n\t<div class=\"vc_toggle_content\"><p>En tant qu'organisme r\u00e9put\u00e9 pour la certification IELTS, nous collaborons avec les autorit\u00e9s comp\u00e9tentes pour la r\u00e9alisation du processus. De plus, nous garantissons une r\u00e9ussite totale quant \u00e0 l'authenticit\u00e9 et \u00e0 la l\u00e9gitimit\u00e9 des certificats.<\/p>\n<\/div>\n<\/div>\n<div  class=\"vc_toggle vc_toggle_round vc_toggle_color_juicy_pink  vc_toggle_size_md\">\n\t<div class=\"vc_toggle_title\"><h4>Les certificats que vous proposez peuvent-ils \u00eatre utilis\u00e9s \u00e0 des fins officielles ?<\/h4><i class=\"vc_toggle_icon\"><\/i><\/div>\n\t<div class=\"vc_toggle_content\"><p>Absolument. Nous proposons des certificats IELTS haut de gamme \u00e0 des fins officielles uniquement. Outre la garantie d'authenticit\u00e9 des documents, nous utilisons les m\u00eames outils et supports pour en optimiser l'originalit\u00e9.<\/p>\n<\/div>\n<\/div>\n<div  class=\"vc_toggle vc_toggle_round vc_toggle_color_juicy_pink  vc_toggle_size_md\">\n\t<div class=\"vc_toggle_title\"><h4>Si je commande un vrai certificat, comment saurai-je que vous m'enverrez un vrai certificat et non un faux ?<\/h4><i class=\"vc_toggle_icon\"><\/i><\/div>\n\t<div class=\"vc_toggle_content\"><p>Nous appliquons certaines mesures de s\u00e9curit\u00e9 lors de la d\u00e9livrance des certificats IELTS, car les risques sont \u00e9lev\u00e9s dans notre soci\u00e9t\u00e9 num\u00e9rique. C'est pourquoi nous v\u00e9rifions les utilisateurs en leur envoyant un mot de passe \u00e0 usage unique (OTP) et en leur demandant de se connecter avec leurs identifiants officiels. Cela garantit l'authenticit\u00e9 du certificat que nous proposons.<\/p>\n<\/div>\n<\/div>\n<div  class=\"vc_toggle vc_toggle_round vc_toggle_color_juicy_pink  vc_toggle_size_md\">\n\t<div class=\"vc_toggle_title\"><h4>Outre les identifiants de connexion, quels sont les autres moyens de v\u00e9rifier les documents ?<\/h4><i class=\"vc_toggle_icon\"><\/i><\/div>\n\t<div class=\"vc_toggle_content\"><p>Pour v\u00e9rifier les documents de la meilleure mani\u00e8re, il est tout \u00e0 fait conseill\u00e9 de se rendre dans les centres officiels des autorit\u00e9s concern\u00e9es.<\/p>\n<\/div>\n<\/div>\n<div  class=\"vc_toggle vc_toggle_round vc_toggle_color_juicy_pink  vc_toggle_size_md\">\n\t<div class=\"vc_toggle_title\"><h4>Quel est le syst\u00e8me de paiement du service ?<\/h4><i class=\"vc_toggle_icon\"><\/i><\/div>\n\t<div class=\"vc_toggle_content\"><p>Conform\u00e9ment aux r\u00e8gles de notre entreprise, il est obligatoire de verser au moins 50 % du montant du paiement pour des raisons de s\u00e9curit\u00e9. Cependant, le montant initial d\u00e9pend enti\u00e8rement du montant total.<\/p>\n<\/div>\n<\/div>\n<div  class=\"vc_toggle vc_toggle_round vc_toggle_color_juicy_pink  vc_toggle_size_md\">\n\t<div class=\"vc_toggle_title\"><h4>Apr\u00e8s m'\u00eatre inscrit \u00e0 l'examen, pourrais-je b\u00e9n\u00e9ficier de ces services ?<\/h4><i class=\"vc_toggle_icon\"><\/i><\/div>\n\t<div class=\"vc_toggle_content\"><p>Quel que soit votre r\u00e9sultat \u00e0 l'examen, vous pouvez b\u00e9n\u00e9ficier des services de notre entreprise pour obtenir un certificat IELTS. Notre entreprise vous d\u00e9livrera un certificat IELTS conforme \u00e0 vos exigences.<\/p>\n<\/div>\n<\/div>\n<div  class=\"vc_toggle vc_toggle_round vc_toggle_color_juicy_pink  vc_toggle_size_md\">\n\t<div class=\"vc_toggle_title\"><h4>Avec de mauvaises notes, seriez-vous capable d'y rem\u00e9dier ?<\/h4><i class=\"vc_toggle_icon\"><\/i><\/div>\n\t<div class=\"vc_toggle_content\"><p>Oui. Seuls les dipl\u00f4mes et les informations de base sont requis. Le reste sera coordonn\u00e9 par nos experts pour am\u00e9liorer vos notes au certificat IELTS.<\/p>\n<\/div>\n<\/div>\n<div  class=\"vc_toggle vc_toggle_round vc_toggle_color_juicy_pink  vc_toggle_size_md\">\n\t<div class=\"vc_toggle_title\"><h4>Quel est le d\u00e9lai d'exp\u00e9dition des certificats ?<\/h4><i class=\"vc_toggle_icon\"><\/i><\/div>\n\t<div class=\"vc_toggle_content\"><p>Une fois la proc\u00e9dure de paiement termin\u00e9e, nous fournissons le certificat dans un d\u00e9lai de 2 \u00e0 3 jours.<\/p>\n<\/div>\n<\/div>\n<div  class=\"vc_toggle vc_toggle_round vc_toggle_color_juicy_pink  vc_toggle_size_md\">\n\t<div class=\"vc_toggle_title\"><h4>Apr\u00e8s avoir obtenu le certificat, comment vous contacterons-nous pour d'autres exigences ?<\/h4><i class=\"vc_toggle_icon\"><\/i><\/div>\n\t<div class=\"vc_toggle_content\"><p>Vous pouvez nous contacter facilement via notre site web ou par e-mail. Nos coordonn\u00e9es sont rarement modifi\u00e9es.<\/p>\n<\/div>\n<\/div>\n<\/div><\/div><\/div><\/div><div class=\"vc_row-full-width vc_clearfix\"><\/div>","protected":false},"excerpt":{"rendered":"ABOUT IELTS CERTIFICATE Frequently Asked Questions &amp; Answers What is the procedure for this service? Firstly, you would have to contact us [...]","protected":false},"author":1,"featured_media":0,"parent":0,"menu_order":0,"comment_status":"closed","ping_status":"closed","template":"","meta":{"footnotes":"","_joinchat":[]},"yoast_head":"<!-- This site is optimized with the Yoast SEO plugin v22.2 - https:\/\/yoast.com\/wordpress\/plugins\/seo\/ -->\n<title>FAQs - Elite Docs Express - Buy Real Documents Online<\/title>\n<meta name=\"robots\" content=\"index, follow, max-snippet:-1, max-image-preview:large, max-video-preview:-1\" \/>\n<link rel=\"canonical\" href=\"https:\/\/www.elitedocsexpress.com\/fr\/faqs\/\" \/>\n<meta property=\"og:locale\" content=\"fr_FR\" \/>\n<meta property=\"og:type\" content=\"article\" \/>\n<meta property=\"og:title\" content=\"FAQs - Elite Docs Express - Buy Real Documents Online\" \/>\n<meta property=\"og:url\" content=\"https:\/\/www.elitedocsexpress.com\/fr\/faqs\/\" \/>\n<meta property=\"og:site_name\" content=\"Elite Docs Express - Buy Real Documents Online\" \/>\n<meta property=\"article:modified_time\" content=\"2020-11-07T16:48:54+00:00\" \/>\n<meta name=\"twitter:card\" content=\"summary_large_image\" \/>\n<meta name=\"twitter:label1\" content=\"Dur\u00e9e de lecture estim\u00e9e\" \/>\n\t<meta name=\"twitter:data1\" content=\"3 minutes\" \/>\n<script type=\"application\/ld+json\" class=\"yoast-schema-graph\">{\"@context\":\"https:\/\/schema.org\",\"@graph\":[{\"@type\":\"WebPage\",\"@id\":\"https:\/\/www.elitedocsexpress.com\/faqs\/\",\"url\":\"https:\/\/www.elitedocsexpress.com\/faqs\/\",\"name\":\"FAQs - Elite Docs Express - Buy Real Documents Online\",\"isPartOf\":{\"@id\":\"https:\/\/www.elitedocsexpress.com\/#website\"},\"datePublished\":\"2018-12-12T05:47:31+00:00\",\"dateModified\":\"2020-11-07T16:48:54+00:00\",\"breadcrumb\":{\"@id\":\"https:\/\/www.elitedocsexpress.com\/faqs\/#breadcrumb\"},\"inLanguage\":\"fr-FR\",\"potentialAction\":[{\"@type\":\"ReadAction\",\"target\":[\"https:\/\/www.elitedocsexpress.com\/faqs\/\"]}]},{\"@type\":\"BreadcrumbList\",\"@id\":\"https:\/\/www.elitedocsexpress.com\/faqs\/#breadcrumb\",\"itemListElement\":[{\"@type\":\"ListItem\",\"position\":1,\"name\":\"Home\",\"item\":\"https:\/\/www.elitedocsexpress.com\/\"},{\"@type\":\"ListItem\",\"position\":2,\"name\":\"FAQs\"}]},{\"@type\":\"WebSite\",\"@id\":\"https:\/\/www.elitedocsexpress.com\/#website\",\"url\":\"https:\/\/www.elitedocsexpress.com\/\",\"name\":\"Elite Docs Express - Buy Real Documents Online\",\"description\":\"\",\"potentialAction\":[{\"@type\":\"SearchAction\",\"target\":{\"@type\":\"EntryPoint\",\"urlTemplate\":\"https:\/\/www.elitedocsexpress.com\/?s={search_term_string}\"},\"query-input\":\"required name=search_term_string\"}],\"inLanguage\":\"fr-FR\"}]}<\/script>\n<!-- \/ Yoast SEO plugin. -->","yoast_head_json":{"title":"FAQs - Elite Docs Express - Buy Real Documents Online","robots":{"index":"index","follow":"follow","max-snippet":"max-snippet:-1","max-image-preview":"max-image-preview:large","max-video-preview":"max-video-preview:-1"},"canonical":"https:\/\/www.elitedocsexpress.com\/fr\/faqs\/","og_locale":"fr_FR","og_type":"article","og_title":"FAQs - Elite Docs Express - Buy Real Documents Online","og_url":"https:\/\/www.elitedocsexpress.com\/fr\/faqs\/","og_site_name":"Elite Docs Express - Buy Real Documents Online","article_modified_time":"2020-11-07T16:48:54+00:00","twitter_card":"summary_large_image","twitter_misc":{"Dur\u00e9e de lecture estim\u00e9e":"3 minutes"},"schema":{"@context":"https:\/\/schema.org","@graph":[{"@type":"WebPage","@id":"https:\/\/www.elitedocsexpress.com\/faqs\/","url":"https:\/\/www.elitedocsexpress.com\/faqs\/","name":"FAQs - Elite Docs Express - Buy Real Documents Online","isPartOf":{"@id":"https:\/\/www.elitedocsexpress.com\/#website"},"datePublished":"2018-12-12T05:47:31+00:00","dateModified":"2020-11-07T16:48:54+00:00","breadcrumb":{"@id":"https:\/\/www.elitedocsexpress.com\/faqs\/#breadcrumb"},"inLanguage":"fr-FR","potentialAction":[{"@type":"ReadAction","target":["https:\/\/www.elitedocsexpress.com\/faqs\/"]}]},{"@type":"BreadcrumbList","@id":"https:\/\/www.elitedocsexpress.com\/faqs\/#breadcrumb","itemListElement":[{"@type":"ListItem","position":1,"name":"Home","item":"https:\/\/www.elitedocsexpress.com\/"},{"@type":"ListItem","position":2,"name":"FAQs"}]},{"@type":"WebSite","@id":"https:\/\/www.elitedocsexpress.com\/#website","url":"https:\/\/www.elitedocsexpress.com\/","name":"Elite Docs Express - Buy Real Documents Online","description":"","potentialAction":[{"@type":"SearchAction","target":{"@type":"EntryPoint","urlTemplate":"https:\/\/www.elitedocsexpress.com\/?s={search_term_string}"},"query-input":"required name=search_term_string"}],"inLanguage":"fr-FR"}]}},"_links":{"self":[{"href":"https:\/\/www.elitedocsexpress.com\/fr\/wp-json\/wp\/v2\/pages\/3328"}],"collection":[{"href":"https:\/\/www.elitedocsexpress.com\/fr\/wp-json\/wp\/v2\/pages"}],"about":[{"href":"https:\/\/www.elitedocsexpress.com\/fr\/wp-json\/wp\/v2\/types\/page"}],"author":[{"embeddable":true,"href":"https:\/\/www.elitedocsexpress.com\/fr\/wp-json\/wp\/v2\/users\/1"}],"replies":[{"embeddable":true,"href":"https:\/\/www.elitedocsexpress.com\/fr\/wp-json\/wp\/v2\/comments?post=3328"}],"version-history":[{"count":2,"href":"https:\/\/www.elitedocsexpress.com\/fr\/wp-json\/wp\/v2\/pages\/3328\/revisions"}],"predecessor-version":[{"id":3599,"href":"https:\/\/www.elitedocsexpress.com\/fr\/wp-json\/wp\/v2\/pages\/3328\/revisions\/3599"}],"wp:attachment":[{"href":"https:\/\/www.elitedocsexpress.com\/fr\/wp-json\/wp\/v2\/media?parent=3328"}],"curies":[{"name":"wp","href":"https:\/\/api.w.org\/{rel}","templated":true}]}}