{"id":1739,"date":"2018-11-17T04:41:46","date_gmt":"2018-11-17T04:41:46","guid":{"rendered":"http:\/\/192.168.0.250\/business\/?page_id=1739"},"modified":"2023-05-06T08:24:57","modified_gmt":"2023-05-06T08:24:57","slug":"about-us","status":"publish","type":"page","link":"https:\/\/www.elitedocsexpress.com\/fr\/a-propos-de-nous\/","title":{"rendered":"\u00c0 propos de nous"},"content":{"rendered":"<div data-vc-full-width=\"true\" data-vc-full-width-init=\"false\" class=\"vc_row wpb_row vc_row-fluid vc_custom_1559807673988 vc_row-has-fill\"><div class=\"wpb_column vc_column_container vc_col-sm-12\"><div class=\"vc_column-inner\"><div class=\"wpb_wrapper\"><div class=\"vc_row wpb_row vc_inner vc_row-fluid vc_custom_1543575471631 vc_row-o-content-middle vc_row-flex\"><div class=\"wpb_column vc_column_container vc_col-sm-12\"><div class=\"vc_column-inner vc_custom_1544503666201\"><div class=\"wpb_wrapper\">\r\n        <div class=\"rs-heading style3\">\r\n        \t<div class=\"title-inner\">\r\n\t            <span class=\"sub-text\">[Documents de niveau A++]<\/span>\r\n\t            <h2 class=\"title\">Nous veillons \u00e0 votre satisfaction<\/h2>\r\n\t            \r\n\t        <\/div><\/div>\n\t<div class=\"wpb_text_column wpb_content_element\" >\n\t\t<div class=\"wpb_wrapper\">\n\t\t\t<p style=\"text-align: justify;\"><strong><em>EliteDocsExpress<\/em><\/strong> fournit un service pr\u00e9cieux concernant l'offre des certificats pour le TOEFL, l'IELTS, le CELPIP, le GRE, le GMAT, etc. Nos travailleurs et employ\u00e9s experts font ressortir les meilleures id\u00e9es pour fournir des certificats valides aux utilisateurs. Fondamentalement, ces examens mentionn\u00e9s ci-dessus sont des sortes de param\u00e8tres concernant les proc\u00e9dures d'immigration aux \u00c9tats-Unis, au Canada, au Royaume-Uni, en Australie, en France, en Allemagne, en Espagne, au Portugal, en Italie, aux Pays-Bas, etc. L'examen porte sur les connaissances des candidats concernant l'anglais. langue. Cependant, nos services ont largement all\u00e9g\u00e9 les charges des candidats. Notre soci\u00e9t\u00e9 a des collaborations avec les organisations authentiques \u00e0 travers les pays pour produire des documents et des certificats valides pour les utilisateurs. Outre les aspects des certificats, nous sommes \u00e9galement experts dans les proc\u00e9dures de r\u00e9cup\u00e9ration de VISA, permis de conduire, fausse monnaie, carte d'identit\u00e9 et passeport de ces pays respectifs.<\/p>\n<p style=\"text-align: justify;\">Toutes sortes de services li\u00e9s \u00e0 l'immigration et aux proc\u00e9dures d'examen d'\u00e9ligibilit\u00e9 sont servis par notre soci\u00e9t\u00e9. En termes de certificats, notre soci\u00e9t\u00e9 est directement li\u00e9e aux universit\u00e9s d'\u00e9lite comme l'Universit\u00e9 de Cambridge, les British Councils, etc. Ainsi, nous assurons une authenticit\u00e9 \u00e0 100% et des documents l\u00e9gitimes en termes de certificats. Comme celui du passeport et des services VISA, ces documents pourraient facilement \u00eatre v\u00e9rifi\u00e9s sur les sites Web officiels en ligne des services d'immigration des pays respectifs.<\/p>\n<p style=\"text-align: justify;\">En tant que rapport statistique, il est justifi\u00e9 que nous ayons accord\u00e9 les certificats \u00e0 un grand nombre de candidats selon les crit\u00e8res d'immigration. Nos clients et travailleurs experts traitent directement avec les repr\u00e9sentants gouvernementaux des autorit\u00e9s respectives. Ainsi, il reste une touche de clart\u00e9 dans chaque proc\u00e9dure. Outre les services li\u00e9s aux certificats IELTS, nous offrons \u00e9galement des r\u00e9ductions \u00e0 nos clients pour la commande de plus d'un certificat ou document. C'est la meilleure facilit\u00e9 offerte par notre soci\u00e9t\u00e9 aux utilisateurs pour entretenir avec eux une relation de qualit\u00e9. En dehors du moment de la d\u00e9livrance de ces documents et certificats, nous avons tendance \u00e0 offrir notre assistance aux utilisateurs m\u00eame apr\u00e8s la fin du service. Cela renforce la r\u00e9putation de notre entreprise par rapport aux autres dans le domaine de la d\u00e9livrance des documents officiels et valides.<\/p>\n<p style=\"text-align: justify;\">L'achat de documents r\u00e9els et faux sur le site Web de notre entreprise est l'option la plus s\u00fbre car ils sont hautement certifi\u00e9s et authentifi\u00e9s. Ainsi, les utilisateurs et les candidats achetant ou d\u00e9livrant les documents de notre soci\u00e9t\u00e9 n'auraient pas \u00e0 faire face \u00e0 des probl\u00e8mes li\u00e9s aux proc\u00e9dures d'immigration.<\/p>\n<p style=\"text-align: justify;\">Appelez-nous 24h\/24 et 7j\/7. Nous r\u00e9pondrons \u00e0 toutes vos questions.<\/p>\n<ul class=\"stylelisting\">\n<li style=\"text-align: justify;\">Phone: +1\u00a0(423)\u00a0503\u20117048<\/li>\n<li style=\"text-align: justify;\">Email: info@elitedocsexpress.com<\/li>\n<\/ul>\n\n\t\t<\/div>\n\t<\/div>\n<\/div><\/div><\/div><\/div><\/div><\/div><\/div><\/div><div class=\"vc_row-full-width vc_clearfix\"><\/div><div data-vc-full-width=\"true\" data-vc-full-width-init=\"false\" class=\"vc_row wpb_row vc_row-fluid vc_custom_1543210890329 vc_row-has-fill\"><div class=\"wpb_column vc_column_container vc_col-sm-12\"><div class=\"vc_column-inner\"><div class=\"wpb_wrapper\">\r\n        <div class=\"rs-heading style3\">\r\n        \t<div class=\"title-inner\">\r\n\t            <span class=\"sub-text\">Referenzen<\/span>\r\n\t            <h2 class=\"title\">Ce qu'en disent nos clients<\/h2>\r\n\t            \r\n\t        <\/div><\/div><div id=\"cl-testimonial\" class=\"cl-testimonial cl-testimonial9\">\r\n\t\t\t   \t\t<div class=\"container2 hide_arrow\">                \r\n\t\t\t\t\t\t<ul class=\"testimonial-slide9 slider9\"><li class=\"testimonial-item\">\r\n\t\t\t\t\t\t\t\t<div class=\"single-testimonial\">\t\t\t\t\t\t\t\t\r\n\t\t\t\t\t\t\t\t<div class=\"image-testimonial\"  style=\"color: #505050\">\r\n\t\t\t\t\t\t\t\t\t<p><i class=\"fa fa-quote-left\" style=\"color:#3a5ee5\"><\/i> Merci \u00e0 EliteDocsExpress pour son aide pr\u00e9cieuse. J'ai re\u00e7u mon certificat IELTS qui est original et authentique. Soyez s\u00fbrs d'avoir de mes nouvelles le plus t\u00f4t possible !<\/p>\r\n\r\n\t\t\t\t\t\t\t\t\t<div class=\"testimonial-image\">\r\n\t\t\t\t\t\t\t\t\t\t<img src=\"\" alt=\"Client Image\">\t\t\t\t\t\t\t\t\t\r\n\t\t\t\t\t\t\t\t\t<\/div>\r\n\t\t\t\t\t\t\t\t\t<ul class=\"cl-author-info\">\r\n\t\t\t\t\t\t\t\t\t\t<li  style=\"color: #28406d\">Devis John<\/li>\r\n\t\t\t\t\t\t\t\t\t\t<li  style=\"color: #505050\"><\/li><\/ul>\t\t\r\n\t\t\t\t\t\t\t\t<\/div>\r\n\t\t\t\t\t\t\t\t<\/div>\r\n\t\t\t\t\t\t\t\t<\/li><li class=\"testimonial-item\">\r\n\t\t\t\t\t\t\t\t<div class=\"single-testimonial\">\t\t\t\t\t\t\t\t\r\n\t\t\t\t\t\t\t\t<div class=\"image-testimonial\"  style=\"color: #505050\">\r\n\t\t\t\t\t\t\t\t\t<p><i class=\"fa fa-quote-left\" style=\"color:#3a5ee5\"><\/i> Je vous suis reconnaissante de m'avoir fourni un certificat IELTS authentique avec des notes am\u00e9lior\u00e9es, je peux enfin vivre mon r\u00eave.<\/p>\r\n\r\n\t\t\t\t\t\t\t\t\t<div class=\"testimonial-image\">\r\n\t\t\t\t\t\t\t\t\t\t<img src=\"\" alt=\"Client Image\">\t\t\t\t\t\t\t\t\t\r\n\t\t\t\t\t\t\t\t\t<\/div>\r\n\t\t\t\t\t\t\t\t\t<ul class=\"cl-author-info\">\r\n\t\t\t\t\t\t\t\t\t\t<li  style=\"color: #28406d\">Alisa Misa<\/li>\r\n\t\t\t\t\t\t\t\t\t\t<li  style=\"color: #505050\"><\/li><\/ul>\t\t\r\n\t\t\t\t\t\t\t\t<\/div>\r\n\t\t\t\t\t\t\t\t<\/div>\r\n\t\t\t\t\t\t\t\t<\/li><li class=\"testimonial-item\">\r\n\t\t\t\t\t\t\t\t<div class=\"single-testimonial\">\t\t\t\t\t\t\t\t\r\n\t\t\t\t\t\t\t\t<div class=\"image-testimonial\"  style=\"color: #505050\">\r\n\t\t\t\t\t\t\t\t\t<p><i class=\"fa fa-quote-left\" style=\"color:#3a5ee5\"><\/i> J'aimerais remercier les tuteurs de EliteDocsExpress car sans leur aide, je ne pense pas que j'aurais pu r\u00e9ussir mon IELTS. Je recommande vivement EliteDocsExpress \u00e0 tous ceux qui passent l'examen IELTS.<\/p>\r\n\r\n\t\t\t\t\t\t\t\t\t<div class=\"testimonial-image\">\r\n\t\t\t\t\t\t\t\t\t\t<img src=\"\" alt=\"Client Image\">\t\t\t\t\t\t\t\t\t\r\n\t\t\t\t\t\t\t\t\t<\/div>\r\n\t\t\t\t\t\t\t\t\t<ul class=\"cl-author-info\">\r\n\t\t\t\t\t\t\t\t\t\t<li  style=\"color: #28406d\">Jipsi<\/li>\r\n\t\t\t\t\t\t\t\t\t\t<li  style=\"color: #505050\"><\/li><\/ul>\t\t\r\n\t\t\t\t\t\t\t\t<\/div>\r\n\t\t\t\t\t\t\t\t<\/div>\r\n\t\t\t\t\t\t\t\t<\/li><\/ul><\/div>\r\n\t\t\t<\/div>\r\n\t\t\t\t<style>\r\n\t\t\t\t\t#cl-testimonial ul.slick-dots li button{border:1px solid#3a5ee5 !important;}\r\n\t\t\t\t\t#cl-testimonial ul.slick-dots li button:hover{background:#3a5ee5 !important;}\r\n\t\t\t\t\t#cl-testimonial .slick-active button{background:#3a5ee5 !important;}\r\n\t\t\t\t<\/style>\r\n\t\t\t<\/div><\/div><\/div><\/div><div class=\"vc_row-full-width vc_clearfix\"><\/div>","protected":false},"excerpt":{"rendered":"I would like to thank the EliteDocsExpress tutors because without their help, I don\u2019t think I could pass my IELTS. I would [...]","protected":false},"author":1,"featured_media":0,"parent":0,"menu_order":0,"comment_status":"closed","ping_status":"closed","template":"","meta":{"footnotes":"","_joinchat":[]},"yoast_head":"<!-- This site is optimized with the Yoast SEO plugin v22.2 - https:\/\/yoast.com\/wordpress\/plugins\/seo\/ -->\n<title>About Us - Elite Docs Express - Buy Real Documents Online<\/title>\n<meta name=\"robots\" content=\"index, follow, max-snippet:-1, max-image-preview:large, max-video-preview:-1\" \/>\n<link rel=\"canonical\" href=\"https:\/\/www.elitedocsexpress.com\/fr\/a-propos-de-nous\/\" \/>\n<meta property=\"og:locale\" content=\"fr_FR\" \/>\n<meta property=\"og:type\" content=\"article\" \/>\n<meta property=\"og:title\" content=\"About Us - Elite Docs Express - Buy Real Documents Online\" \/>\n<meta property=\"og:url\" content=\"https:\/\/www.elitedocsexpress.com\/fr\/a-propos-de-nous\/\" \/>\n<meta property=\"og:site_name\" content=\"Elite Docs Express - Buy Real Documents Online\" \/>\n<meta property=\"article:modified_time\" content=\"2023-05-06T08:24:57+00:00\" \/>\n<meta name=\"twitter:card\" content=\"summary_large_image\" \/>\n<meta name=\"twitter:label1\" content=\"Dur\u00e9e de lecture estim\u00e9e\" \/>\n\t<meta name=\"twitter:data1\" content=\"3 minutes\" \/>\n<script type=\"application\/ld+json\" class=\"yoast-schema-graph\">{\"@context\":\"https:\/\/schema.org\",\"@graph\":[{\"@type\":\"WebPage\",\"@id\":\"https:\/\/www.elitedocsexpress.com\/about-us\/\",\"url\":\"https:\/\/www.elitedocsexpress.com\/about-us\/\",\"name\":\"About Us - Elite Docs Express - Buy Real Documents Online\",\"isPartOf\":{\"@id\":\"https:\/\/www.elitedocsexpress.com\/#website\"},\"datePublished\":\"2018-11-17T04:41:46+00:00\",\"dateModified\":\"2023-05-06T08:24:57+00:00\",\"breadcrumb\":{\"@id\":\"https:\/\/www.elitedocsexpress.com\/about-us\/#breadcrumb\"},\"inLanguage\":\"fr-FR\",\"potentialAction\":[{\"@type\":\"ReadAction\",\"target\":[\"https:\/\/www.elitedocsexpress.com\/about-us\/\"]}]},{\"@type\":\"BreadcrumbList\",\"@id\":\"https:\/\/www.elitedocsexpress.com\/about-us\/#breadcrumb\",\"itemListElement\":[{\"@type\":\"ListItem\",\"position\":1,\"name\":\"Home\",\"item\":\"https:\/\/www.elitedocsexpress.com\/\"},{\"@type\":\"ListItem\",\"position\":2,\"name\":\"About Us\"}]},{\"@type\":\"WebSite\",\"@id\":\"https:\/\/www.elitedocsexpress.com\/#website\",\"url\":\"https:\/\/www.elitedocsexpress.com\/\",\"name\":\"Elite Docs Express - Buy Real Documents Online\",\"description\":\"\",\"potentialAction\":[{\"@type\":\"SearchAction\",\"target\":{\"@type\":\"EntryPoint\",\"urlTemplate\":\"https:\/\/www.elitedocsexpress.com\/?s={search_term_string}\"},\"query-input\":\"required name=search_term_string\"}],\"inLanguage\":\"fr-FR\"}]}<\/script>\n<!-- \/ Yoast SEO plugin. -->","yoast_head_json":{"title":"About Us - Elite Docs Express - Buy Real Documents Online","robots":{"index":"index","follow":"follow","max-snippet":"max-snippet:-1","max-image-preview":"max-image-preview:large","max-video-preview":"max-video-preview:-1"},"canonical":"https:\/\/www.elitedocsexpress.com\/fr\/a-propos-de-nous\/","og_locale":"fr_FR","og_type":"article","og_title":"About Us - Elite Docs Express - Buy Real Documents Online","og_url":"https:\/\/www.elitedocsexpress.com\/fr\/a-propos-de-nous\/","og_site_name":"Elite Docs Express - Buy Real Documents Online","article_modified_time":"2023-05-06T08:24:57+00:00","twitter_card":"summary_large_image","twitter_misc":{"Dur\u00e9e de lecture estim\u00e9e":"3 minutes"},"schema":{"@context":"https:\/\/schema.org","@graph":[{"@type":"WebPage","@id":"https:\/\/www.elitedocsexpress.com\/about-us\/","url":"https:\/\/www.elitedocsexpress.com\/about-us\/","name":"About Us - Elite Docs Express - Buy Real Documents Online","isPartOf":{"@id":"https:\/\/www.elitedocsexpress.com\/#website"},"datePublished":"2018-11-17T04:41:46+00:00","dateModified":"2023-05-06T08:24:57+00:00","breadcrumb":{"@id":"https:\/\/www.elitedocsexpress.com\/about-us\/#breadcrumb"},"inLanguage":"fr-FR","potentialAction":[{"@type":"ReadAction","target":["https:\/\/www.elitedocsexpress.com\/about-us\/"]}]},{"@type":"BreadcrumbList","@id":"https:\/\/www.elitedocsexpress.com\/about-us\/#breadcrumb","itemListElement":[{"@type":"ListItem","position":1,"name":"Home","item":"https:\/\/www.elitedocsexpress.com\/"},{"@type":"ListItem","position":2,"name":"About Us"}]},{"@type":"WebSite","@id":"https:\/\/www.elitedocsexpress.com\/#website","url":"https:\/\/www.elitedocsexpress.com\/","name":"Elite Docs Express - Buy Real Documents Online","description":"","potentialAction":[{"@type":"SearchAction","target":{"@type":"EntryPoint","urlTemplate":"https:\/\/www.elitedocsexpress.com\/?s={search_term_string}"},"query-input":"required name=search_term_string"}],"inLanguage":"fr-FR"}]}},"_links":{"self":[{"href":"https:\/\/www.elitedocsexpress.com\/fr\/wp-json\/wp\/v2\/pages\/1739"}],"collection":[{"href":"https:\/\/www.elitedocsexpress.com\/fr\/wp-json\/wp\/v2\/pages"}],"about":[{"href":"https:\/\/www.elitedocsexpress.com\/fr\/wp-json\/wp\/v2\/types\/page"}],"author":[{"embeddable":true,"href":"https:\/\/www.elitedocsexpress.com\/fr\/wp-json\/wp\/v2\/users\/1"}],"replies":[{"embeddable":true,"href":"https:\/\/www.elitedocsexpress.com\/fr\/wp-json\/wp\/v2\/comments?post=1739"}],"version-history":[{"count":7,"href":"https:\/\/www.elitedocsexpress.com\/fr\/wp-json\/wp\/v2\/pages\/1739\/revisions"}],"predecessor-version":[{"id":3592,"href":"https:\/\/www.elitedocsexpress.com\/fr\/wp-json\/wp\/v2\/pages\/1739\/revisions\/3592"}],"wp:attachment":[{"href":"https:\/\/www.elitedocsexpress.com\/fr\/wp-json\/wp\/v2\/media?parent=1739"}],"curies":[{"name":"wp","href":"https:\/\/api.w.org\/{rel}","templated":true}]}}