{"id":3328,"date":"2018-12-12T05:47:31","date_gmt":"2018-12-12T05:47:31","guid":{"rendered":"https:\/\/rstheme.com\/products\/wordpress\/finoptis\/consulting\/?page_id=3328"},"modified":"2020-11-07T16:48:54","modified_gmt":"2020-11-07T16:48:54","slug":"faqs","status":"publish","type":"page","link":"https:\/\/www.elitedocsexpress.com\/de\/haufig-gestellte-fragen\/","title":{"rendered":"H\u00e4ufig gestellte Fragen"},"content":{"rendered":"<div data-vc-full-width=\"true\" data-vc-full-width-init=\"false\" class=\"vc_row wpb_row vc_row-fluid vc_custom_1544602186177 vc_row-has-fill vc_row-o-equal-height vc_row-flex\"><div class=\"wpb_column vc_column_container vc_col-sm-12\"><div class=\"vc_column-inner vc_custom_1544604165863\"><div class=\"wpb_wrapper\">\r\n        <div class=\"rs-heading style3  vc_custom_1559808113430\">\r\n        \t<div class=\"title-inner\">\r\n\t            \r\n\t            <h3 class=\"title\">ABOUT IELTS CERTIFICATE<\/h3>\r\n\t            \r\n\t        <\/div><div class=\"description\"><p >H\u00e4ufig gestellte Fragen und Antworten<\/p><\/div><\/div><div  class=\"vc_toggle vc_toggle_round vc_toggle_color_juicy_pink  vc_toggle_size_md vc_toggle_active\">\n\t<div class=\"vc_toggle_title\"><h4>Wie ist der Ablauf bei diesem Service?<\/h4><i class=\"vc_toggle_icon\"><\/i><\/div>\n\t<div class=\"vc_toggle_content\"><p>Kontaktieren Sie uns zun\u00e4chst \u00fcber unsere offizielle Webseite oder per E-Mail. Sobald wir Ihre E-Mail erhalten, erhalten Sie von uns die erforderlichen Unterlagen und Informationen f\u00fcr die Zertifikatserstellung. Anschlie\u00dfend m\u00fcssen Sie den Zahlungsvorgang abschlie\u00dfen. Anschlie\u00dfend erstellen unsere Experten Ihr Zertifikat, das Sie innerhalb weniger Tage abholen k\u00f6nnen.<\/p>\n<\/div>\n<\/div>\n<div  class=\"vc_toggle vc_toggle_round vc_toggle_color_juicy_pink  vc_toggle_size_md\">\n\t<div class=\"vc_toggle_title\"><h4>Warum sollte ich Ihrem Service vertrauen?<\/h4><i class=\"vc_toggle_icon\"><\/i><\/div>\n\t<div class=\"vc_toggle_content\"><p>Als renommiertes IELTS-Zertifikatsunternehmen arbeiten wir bei der Durchf\u00fchrung des Prozesses mit den offiziellen Vertretern dieser Beh\u00f6rden zusammen. Dar\u00fcber hinaus garantieren wir die 100%ige Echtheit und Legitimit\u00e4t der Zertifikate.<\/p>\n<\/div>\n<\/div>\n<div  class=\"vc_toggle vc_toggle_round vc_toggle_color_juicy_pink  vc_toggle_size_md\">\n\t<div class=\"vc_toggle_title\"><h4>K\u00f6nnen die von Ihnen angebotenen Zertifikate f\u00fcr amtliche Zwecke verwendet werden?<\/h4><i class=\"vc_toggle_icon\"><\/i><\/div>\n\t<div class=\"vc_toggle_content\"><p>Auf jeden Fall. Wir bieten IELTS-Zertifikate der Premiumklasse ausschlie\u00dflich f\u00fcr offizielle Zwecke an. Neben der Garantie der 100%igen Legitimit\u00e4t der Dokumente setzen wir auch entsprechende Tools und Materialien zur Steigerung ihrer Originalit\u00e4t ein.<\/p>\n<\/div>\n<\/div>\n<div  class=\"vc_toggle vc_toggle_round vc_toggle_color_juicy_pink  vc_toggle_size_md\">\n\t<div class=\"vc_toggle_title\"><h4>Als ik een echt certificaat bestel, hoe weet ik dan zeker dat u mij een echt certificaat stuurt en geen nepcertificaat?<\/h4><i class=\"vc_toggle_icon\"><\/i><\/div>\n\t<div class=\"vc_toggle_content\"><p>Wir ergreifen bei der Ausstellung von IELTS-Zertifikaten bestimmte Sicherheitsma\u00dfnahmen, da in unserer digitalisierten Gesellschaft hohe Risiken bestehen. Aus diesem Grund verifizieren wir die Nutzer, indem wir ihnen OTPs senden und sie bitten, sich mit ihren offiziellen Zugangsdaten anzumelden. So stellen wir sicher, dass das von uns angebotene Zertifikat echt und nicht gef\u00e4lscht ist.<\/p>\n<\/div>\n<\/div>\n<div  class=\"vc_toggle vc_toggle_round vc_toggle_color_juicy_pink  vc_toggle_size_md\">\n\t<div class=\"vc_toggle_title\"><h4>Welche anderen M\u00f6glichkeiten zur \u00dcberpr\u00fcfung der Dokumente gibt es au\u00dfer den Anmeldedaten?<\/h4><i class=\"vc_toggle_icon\"><\/i><\/div>\n\t<div class=\"vc_toggle_content\"><p>Um die Dokumente optimal \u00fcberpr\u00fcfen zu k\u00f6nnen, empfiehlt es sich, die offiziellen Stellen der betreffenden Beh\u00f6rden aufzusuchen.<\/p>\n<\/div>\n<\/div>\n<div  class=\"vc_toggle vc_toggle_round vc_toggle_color_juicy_pink  vc_toggle_size_md\">\n\t<div class=\"vc_toggle_title\"><h4>Wie ist das Zahlungssystem des Dienstes?<\/h4><i class=\"vc_toggle_icon\"><\/i><\/div>\n\t<div class=\"vc_toggle_content\"><p>Gem\u00e4\u00df den Normen unseres Unternehmens ist aus Sicherheitsgr\u00fcnden eine Anzahlung von mindestens 50 % des Zahlungsbetrags erforderlich. Die Anzahlung h\u00e4ngt jedoch vollst\u00e4ndig vom Gesamtbetrag ab.<\/p>\n<\/div>\n<\/div>\n<div  class=\"vc_toggle vc_toggle_round vc_toggle_color_juicy_pink  vc_toggle_size_md\">\n\t<div class=\"vc_toggle_title\"><h4>Kann ich diese Dienste nach der Anmeldung zur Pr\u00fcfung in Anspruch nehmen?<\/h4><i class=\"vc_toggle_icon\"><\/i><\/div>\n\t<div class=\"vc_toggle_content\"><p>Sie k\u00f6nnen die IELTS-Zertifikatsdienste unseres Unternehmens unabh\u00e4ngig von Ihrem Pr\u00fcfungsergebnis nutzen. Wir erstellen Ihnen ein g\u00fcltiges IELTS-Zertifikat nach Ihren Anforderungen.<\/p>\n<\/div>\n<\/div>\n<div  class=\"vc_toggle vc_toggle_round vc_toggle_color_juicy_pink  vc_toggle_size_md\">\n\t<div class=\"vc_toggle_title\"><h4>K\u00f6nnten Sie das Problem mit schlechten Noten beheben?<\/h4><i class=\"vc_toggle_icon\"><\/i><\/div>\n\t<div class=\"vc_toggle_content\"><p>Ja. Es werden nur die Zeugnisse und Basisinformationen ben\u00f6tigt. Den Rest erledigen unsere Experten f\u00fcr die Verbesserung der IELTS-Zertifikatsnote.<\/p>\n<\/div>\n<\/div>\n<div  class=\"vc_toggle vc_toggle_round vc_toggle_color_juicy_pink  vc_toggle_size_md\">\n\t<div class=\"vc_toggle_title\"><h4>Wie lange dauert der Versand der Zertifikate?<\/h4><i class=\"vc_toggle_icon\"><\/i><\/div>\n\t<div class=\"vc_toggle_content\"><p>Nach Abschluss des Zahlungsvorgangs stellen wir das Zertifikat innerhalb einer Zeitspanne von 2-3 Tagen aus.<\/p>\n<\/div>\n<\/div>\n<div  class=\"vc_toggle vc_toggle_round vc_toggle_color_juicy_pink  vc_toggle_size_md\">\n\t<div class=\"vc_toggle_title\"><h4>Wie k\u00f6nnen wir Sie nach Erhalt des Zertifikats f\u00fcr weitere Anforderungen kontaktieren?<\/h4><i class=\"vc_toggle_icon\"><\/i><\/div>\n\t<div class=\"vc_toggle_content\"><p>Sie k\u00f6nnen uns ganz einfach \u00fcber unsere Website oder E-Mail-Adresse kontaktieren. Wir \u00e4ndern unsere Kontaktdaten kaum.<\/p>\n<\/div>\n<\/div>\n<\/div><\/div><\/div><\/div><div class=\"vc_row-full-width vc_clearfix\"><\/div>","protected":false},"excerpt":{"rendered":"ABOUT IELTS CERTIFICATE Frequently Asked Questions &amp; Answers What is the procedure for this service? Firstly, you would have to contact us [...]","protected":false},"author":1,"featured_media":0,"parent":0,"menu_order":0,"comment_status":"closed","ping_status":"closed","template":"","meta":{"footnotes":"","_joinchat":[]},"yoast_head":"<!-- This site is optimized with the Yoast SEO plugin v22.2 - https:\/\/yoast.com\/wordpress\/plugins\/seo\/ -->\n<title>FAQs - Elite Docs Express - Buy Real Documents Online<\/title>\n<meta name=\"robots\" content=\"index, follow, max-snippet:-1, max-image-preview:large, max-video-preview:-1\" \/>\n<link rel=\"canonical\" href=\"https:\/\/www.elitedocsexpress.com\/de\/haufig-gestellte-fragen\/\" \/>\n<meta property=\"og:locale\" content=\"de_DE\" \/>\n<meta property=\"og:type\" content=\"article\" \/>\n<meta property=\"og:title\" content=\"FAQs - Elite Docs Express - Buy Real Documents Online\" \/>\n<meta property=\"og:url\" content=\"https:\/\/www.elitedocsexpress.com\/de\/haufig-gestellte-fragen\/\" \/>\n<meta property=\"og:site_name\" content=\"Elite Docs Express - Buy Real Documents Online\" \/>\n<meta property=\"article:modified_time\" content=\"2020-11-07T16:48:54+00:00\" \/>\n<meta name=\"twitter:card\" content=\"summary_large_image\" \/>\n<meta name=\"twitter:label1\" content=\"Gesch\u00e4tzte Lesezeit\" \/>\n\t<meta name=\"twitter:data1\" content=\"3\u00a0Minuten\" \/>\n<script type=\"application\/ld+json\" class=\"yoast-schema-graph\">{\"@context\":\"https:\/\/schema.org\",\"@graph\":[{\"@type\":\"WebPage\",\"@id\":\"https:\/\/www.elitedocsexpress.com\/faqs\/\",\"url\":\"https:\/\/www.elitedocsexpress.com\/faqs\/\",\"name\":\"FAQs - Elite Docs Express - Buy Real Documents Online\",\"isPartOf\":{\"@id\":\"https:\/\/www.elitedocsexpress.com\/#website\"},\"datePublished\":\"2018-12-12T05:47:31+00:00\",\"dateModified\":\"2020-11-07T16:48:54+00:00\",\"breadcrumb\":{\"@id\":\"https:\/\/www.elitedocsexpress.com\/faqs\/#breadcrumb\"},\"inLanguage\":\"de\",\"potentialAction\":[{\"@type\":\"ReadAction\",\"target\":[\"https:\/\/www.elitedocsexpress.com\/faqs\/\"]}]},{\"@type\":\"BreadcrumbList\",\"@id\":\"https:\/\/www.elitedocsexpress.com\/faqs\/#breadcrumb\",\"itemListElement\":[{\"@type\":\"ListItem\",\"position\":1,\"name\":\"Home\",\"item\":\"https:\/\/www.elitedocsexpress.com\/\"},{\"@type\":\"ListItem\",\"position\":2,\"name\":\"FAQs\"}]},{\"@type\":\"WebSite\",\"@id\":\"https:\/\/www.elitedocsexpress.com\/#website\",\"url\":\"https:\/\/www.elitedocsexpress.com\/\",\"name\":\"Elite Docs Express - Buy Real Documents Online\",\"description\":\"\",\"potentialAction\":[{\"@type\":\"SearchAction\",\"target\":{\"@type\":\"EntryPoint\",\"urlTemplate\":\"https:\/\/www.elitedocsexpress.com\/?s={search_term_string}\"},\"query-input\":\"required name=search_term_string\"}],\"inLanguage\":\"de\"}]}<\/script>\n<!-- \/ Yoast SEO plugin. -->","yoast_head_json":{"title":"FAQs - Elite Docs Express - Buy Real Documents Online","robots":{"index":"index","follow":"follow","max-snippet":"max-snippet:-1","max-image-preview":"max-image-preview:large","max-video-preview":"max-video-preview:-1"},"canonical":"https:\/\/www.elitedocsexpress.com\/de\/haufig-gestellte-fragen\/","og_locale":"de_DE","og_type":"article","og_title":"FAQs - Elite Docs Express - Buy Real Documents Online","og_url":"https:\/\/www.elitedocsexpress.com\/de\/haufig-gestellte-fragen\/","og_site_name":"Elite Docs Express - Buy Real Documents Online","article_modified_time":"2020-11-07T16:48:54+00:00","twitter_card":"summary_large_image","twitter_misc":{"Gesch\u00e4tzte Lesezeit":"3\u00a0Minuten"},"schema":{"@context":"https:\/\/schema.org","@graph":[{"@type":"WebPage","@id":"https:\/\/www.elitedocsexpress.com\/faqs\/","url":"https:\/\/www.elitedocsexpress.com\/faqs\/","name":"FAQs - Elite Docs Express - Buy Real Documents Online","isPartOf":{"@id":"https:\/\/www.elitedocsexpress.com\/#website"},"datePublished":"2018-12-12T05:47:31+00:00","dateModified":"2020-11-07T16:48:54+00:00","breadcrumb":{"@id":"https:\/\/www.elitedocsexpress.com\/faqs\/#breadcrumb"},"inLanguage":"de","potentialAction":[{"@type":"ReadAction","target":["https:\/\/www.elitedocsexpress.com\/faqs\/"]}]},{"@type":"BreadcrumbList","@id":"https:\/\/www.elitedocsexpress.com\/faqs\/#breadcrumb","itemListElement":[{"@type":"ListItem","position":1,"name":"Home","item":"https:\/\/www.elitedocsexpress.com\/"},{"@type":"ListItem","position":2,"name":"FAQs"}]},{"@type":"WebSite","@id":"https:\/\/www.elitedocsexpress.com\/#website","url":"https:\/\/www.elitedocsexpress.com\/","name":"Elite Docs Express - Buy Real Documents Online","description":"","potentialAction":[{"@type":"SearchAction","target":{"@type":"EntryPoint","urlTemplate":"https:\/\/www.elitedocsexpress.com\/?s={search_term_string}"},"query-input":"required name=search_term_string"}],"inLanguage":"de"}]}},"_links":{"self":[{"href":"https:\/\/www.elitedocsexpress.com\/de\/wp-json\/wp\/v2\/pages\/3328"}],"collection":[{"href":"https:\/\/www.elitedocsexpress.com\/de\/wp-json\/wp\/v2\/pages"}],"about":[{"href":"https:\/\/www.elitedocsexpress.com\/de\/wp-json\/wp\/v2\/types\/page"}],"author":[{"embeddable":true,"href":"https:\/\/www.elitedocsexpress.com\/de\/wp-json\/wp\/v2\/users\/1"}],"replies":[{"embeddable":true,"href":"https:\/\/www.elitedocsexpress.com\/de\/wp-json\/wp\/v2\/comments?post=3328"}],"version-history":[{"count":2,"href":"https:\/\/www.elitedocsexpress.com\/de\/wp-json\/wp\/v2\/pages\/3328\/revisions"}],"predecessor-version":[{"id":3599,"href":"https:\/\/www.elitedocsexpress.com\/de\/wp-json\/wp\/v2\/pages\/3328\/revisions\/3599"}],"wp:attachment":[{"href":"https:\/\/www.elitedocsexpress.com\/de\/wp-json\/wp\/v2\/media?parent=3328"}],"curies":[{"name":"wp","href":"https:\/\/api.w.org\/{rel}","templated":true}]}}