{"id":1739,"date":"2018-11-17T04:41:46","date_gmt":"2018-11-17T04:41:46","guid":{"rendered":"http:\/\/192.168.0.250\/business\/?page_id=1739"},"modified":"2023-05-06T08:24:57","modified_gmt":"2023-05-06T08:24:57","slug":"about-us","status":"publish","type":"page","link":"https:\/\/www.elitedocsexpress.com\/de\/uber-uns\/","title":{"rendered":"\u00dcber uns"},"content":{"rendered":"<div data-vc-full-width=\"true\" data-vc-full-width-init=\"false\" class=\"vc_row wpb_row vc_row-fluid vc_custom_1559807673988 vc_row-has-fill\"><div class=\"wpb_column vc_column_container vc_col-sm-12\"><div class=\"vc_column-inner\"><div class=\"wpb_wrapper\"><div class=\"vc_row wpb_row vc_inner vc_row-fluid vc_custom_1543575471631 vc_row-o-content-middle vc_row-flex\"><div class=\"wpb_column vc_column_container vc_col-sm-12\"><div class=\"vc_column-inner vc_custom_1544503666201\"><div class=\"wpb_wrapper\">\r\n        <div class=\"rs-heading style3\">\r\n        \t<div class=\"title-inner\">\r\n\t            <span class=\"sub-text\">[Dokumente der Klasse A++]<\/span>\r\n\t            <h2 class=\"title\">Wir sorgen f\u00fcr Ihre Zufriedenheit<\/h2>\r\n\t            \r\n\t        <\/div><\/div>\n\t<div class=\"wpb_text_column wpb_content_element\" >\n\t\t<div class=\"wpb_wrapper\">\n\t\t\t<p style=\"text-align: justify;\"><strong><em>EliteDocsExpress<\/em><\/strong> leistet wertvolle Dienste in Bezug auf das Angebot der Zertifikate f\u00fcr TOEFL, IELTS, CELPIP, GRE, GMAT usw. Unsere erfahrenen Arbeiter und Angestellten bringen die besten Ideen f\u00fcr die Bereitstellung g\u00fcltiger Zertifikate f\u00fcr die Benutzer hervor. Grunds\u00e4tzlich sind diese oben genannten Pr\u00fcfungen eine Art Parameter bez\u00fcglich der Einwanderungsverfahren in den USA, Kanada, Gro\u00dfbritannien, Australien, Frankreich, Deutschland, Spanien, Portugal, Italien, den Niederlanden usw. Die Pr\u00fcfung befasst sich mit den Englischkenntnissen der Kandidaten Sprache. Unsere Dienstleistungen haben jedoch die Belastung der Kandidaten in hohem Ma\u00dfe erleichtert. Unser Unternehmen arbeitet mit den authentischen Organisationen in den L\u00e4ndern zusammen, um g\u00fcltige Dokumente und Zertifikate f\u00fcr die Benutzer zu erstellen. Neben den Aspekten der Zertifikate sind wir auch in den Verfahren zum Abrufen von Visa, F\u00fchrerscheinen, Falschgeld, Personalausweisen und Reisep\u00e4ssen aus diesen jeweiligen L\u00e4ndern erfahren.<\/p>\n<p style=\"text-align: justify;\">Alle Arten von Dienstleistungen im Zusammenhang mit der Einwanderung und den Eignungspr\u00fcfungsverfahren werden von unserem Unternehmen in Anspruch genommen. In Bezug auf die Zertifikate ist unser Unternehmen direkt mit den Eliteuniversit\u00e4ten wie der Cambridge University, den British Councils usw. verbunden. Daher gew\u00e4hrleisten wir 100% Authentizit\u00e4t und legitime Dokumente in Bezug auf die Zertifikate. Wie die des Reisepasses und der VISA-Dienste k\u00f6nnen diese Dokumente problemlos auf den offiziellen Online-Websites der Einwanderungsbeh\u00f6rden der jeweiligen L\u00e4nder \u00fcberpr\u00fcft werden.<\/p>\n<p style=\"text-align: justify;\">Als statistischer Bericht ist es gerechtfertigt, dass wir die Zertifikate einer gro\u00dfen Anzahl von Kandidaten unter den Einwanderungskriterien zur Verf\u00fcgung gestellt haben. Unsere erfahrenen Kunden und Mitarbeiter haben direkten Kontakt zu den Regierungsbeamten der jeweiligen Beh\u00f6rden. So bleibt in jedem Vorgang ein Hauch von Klarheit. Neben den Dienstleistungen im Zusammenhang mit den IELTS-Zertifikaten bieten wir unseren Kunden auch Rabatte f\u00fcr die Bestellung von mehr als einem Zertifikat oder Dokument. Dies ist die beste Art von Einrichtung, die unser Unternehmen den Benutzern bietet, um eine qualitativ hochwertige Beziehung zu ihnen aufrechtzuerhalten. Abgesehen von dem Zeitpunkt der Ausstellung dieser Dokumente und Zertifikate bieten wir den Benutzern unsere Unterst\u00fctzung auch nach Beendigung des Dienstes an. Dies erh\u00f6ht den Ruf unseres Unternehmens gegen\u00fcber den anderen im Bereich der Ausstellung offizieller und g\u00fcltiger Dokumente.<\/p>\n<p style=\"text-align: justify;\">Der Kauf echter und gef\u00e4lschter Dokumente von unserer Unternehmenswebsite ist die sicherste Option, da sie hochgradig zertifiziert und authentifiziert sind. Die Benutzer und Kandidaten, die Dokumente von unserem Unternehmen kaufen oder ausstellen, m\u00fcssen sich also keinerlei Problemen im Zusammenhang mit den Einwanderungsverfahren stellen.<\/p>\n<p style=\"text-align: justify;\">Rufen Sie uns rund um die Uhr an. Wir beantworten alle Ihre Fragen.<\/p>\n<ul class=\"stylelisting\">\n<li style=\"text-align: justify;\">Phone: +1\u00a0(423)\u00a0503\u20117048<\/li>\n<li style=\"text-align: justify;\">Email: info@elitedocsexpress.com<\/li>\n<\/ul>\n\n\t\t<\/div>\n\t<\/div>\n<\/div><\/div><\/div><\/div><\/div><\/div><\/div><\/div><div class=\"vc_row-full-width vc_clearfix\"><\/div><div data-vc-full-width=\"true\" data-vc-full-width-init=\"false\" class=\"vc_row wpb_row vc_row-fluid vc_custom_1543210890329 vc_row-has-fill\"><div class=\"wpb_column vc_column_container vc_col-sm-12\"><div class=\"vc_column-inner\"><div class=\"wpb_wrapper\">\r\n        <div class=\"rs-heading style3\">\r\n        \t<div class=\"title-inner\">\r\n\t            <span class=\"sub-text\">Zeugnisse<\/span>\r\n\t            <h2 class=\"title\">Was unser Kunde sagt<\/h2>\r\n\t            \r\n\t        <\/div><\/div><div id=\"cl-testimonial\" class=\"cl-testimonial cl-testimonial9\">\r\n\t\t\t   \t\t<div class=\"container2 hide_arrow\">                \r\n\t\t\t\t\t\t<ul class=\"testimonial-slide9 slider9\"><li class=\"testimonial-item\">\r\n\t\t\t\t\t\t\t\t<div class=\"single-testimonial\">\t\t\t\t\t\t\t\t\r\n\t\t\t\t\t\t\t\t<div class=\"image-testimonial\"  style=\"color: #505050\">\r\n\t\t\t\t\t\t\t\t\t<p><i class=\"fa fa-quote-left\" style=\"color:#3a5ee5\"><\/i> Vielen Dank an EliteDocsExpress f\u00fcr Ihre gro\u00dfartige Hilfe. Ich habe mein IELTS-Zertifikat erhalten, das original und echt ist. Seien Sie sicher, dass Sie so bald wie m\u00f6glich von mir h\u00f6ren werden!!<\/p>\r\n\r\n\t\t\t\t\t\t\t\t\t<div class=\"testimonial-image\">\r\n\t\t\t\t\t\t\t\t\t\t<img src=\"\" alt=\"Client Image\">\t\t\t\t\t\t\t\t\t\r\n\t\t\t\t\t\t\t\t\t<\/div>\r\n\t\t\t\t\t\t\t\t\t<ul class=\"cl-author-info\">\r\n\t\t\t\t\t\t\t\t\t\t<li  style=\"color: #28406d\">Devis John<\/li>\r\n\t\t\t\t\t\t\t\t\t\t<li  style=\"color: #505050\"><\/li><\/ul>\t\t\r\n\t\t\t\t\t\t\t\t<\/div>\r\n\t\t\t\t\t\t\t\t<\/div>\r\n\t\t\t\t\t\t\t\t<\/li><li class=\"testimonial-item\">\r\n\t\t\t\t\t\t\t\t<div class=\"single-testimonial\">\t\t\t\t\t\t\t\t\r\n\t\t\t\t\t\t\t\t<div class=\"image-testimonial\"  style=\"color: #505050\">\r\n\t\t\t\t\t\t\t\t\t<p><i class=\"fa fa-quote-left\" style=\"color:#3a5ee5\"><\/i> Ich bin Ihnen dankbar, dass Sie mir ein echtes IELTS-Zertifikat mit verbesserten Noten zur Verf\u00fcgung stellen, so dass ich endlich meinen Traum leben kann.<\/p>\r\n\r\n\t\t\t\t\t\t\t\t\t<div class=\"testimonial-image\">\r\n\t\t\t\t\t\t\t\t\t\t<img src=\"\" alt=\"Client Image\">\t\t\t\t\t\t\t\t\t\r\n\t\t\t\t\t\t\t\t\t<\/div>\r\n\t\t\t\t\t\t\t\t\t<ul class=\"cl-author-info\">\r\n\t\t\t\t\t\t\t\t\t\t<li  style=\"color: #28406d\">Alisa Misa<\/li>\r\n\t\t\t\t\t\t\t\t\t\t<li  style=\"color: #505050\"><\/li><\/ul>\t\t\r\n\t\t\t\t\t\t\t\t<\/div>\r\n\t\t\t\t\t\t\t\t<\/div>\r\n\t\t\t\t\t\t\t\t<\/li><li class=\"testimonial-item\">\r\n\t\t\t\t\t\t\t\t<div class=\"single-testimonial\">\t\t\t\t\t\t\t\t\r\n\t\t\t\t\t\t\t\t<div class=\"image-testimonial\"  style=\"color: #505050\">\r\n\t\t\t\t\t\t\t\t\t<p><i class=\"fa fa-quote-left\" style=\"color:#3a5ee5\"><\/i> Ich m\u00f6chte mich bei den Tutoren von EliteDocsExpress bedanken, denn ohne ihre Hilfe h\u00e4tte ich die IELTS-Pr\u00fcfung wohl nicht bestanden. Ich w\u00fcrde EliteDocsExpress jedem, der die IELTS-Pr\u00fcfung ablegt, sehr empfehlen.<\/p>\r\n\r\n\t\t\t\t\t\t\t\t\t<div class=\"testimonial-image\">\r\n\t\t\t\t\t\t\t\t\t\t<img src=\"\" alt=\"Client Image\">\t\t\t\t\t\t\t\t\t\r\n\t\t\t\t\t\t\t\t\t<\/div>\r\n\t\t\t\t\t\t\t\t\t<ul class=\"cl-author-info\">\r\n\t\t\t\t\t\t\t\t\t\t<li  style=\"color: #28406d\">Jipsi<\/li>\r\n\t\t\t\t\t\t\t\t\t\t<li  style=\"color: #505050\"><\/li><\/ul>\t\t\r\n\t\t\t\t\t\t\t\t<\/div>\r\n\t\t\t\t\t\t\t\t<\/div>\r\n\t\t\t\t\t\t\t\t<\/li><\/ul><\/div>\r\n\t\t\t<\/div>\r\n\t\t\t\t<style>\r\n\t\t\t\t\t#cl-testimonial ul.slick-dots li button{border:1px solid#3a5ee5 !important;}\r\n\t\t\t\t\t#cl-testimonial ul.slick-dots li button:hover{background:#3a5ee5 !important;}\r\n\t\t\t\t\t#cl-testimonial .slick-active button{background:#3a5ee5 !important;}\r\n\t\t\t\t<\/style>\r\n\t\t\t<\/div><\/div><\/div><\/div><div class=\"vc_row-full-width vc_clearfix\"><\/div>","protected":false},"excerpt":{"rendered":"I would like to thank the EliteDocsExpress tutors because without their help, I don\u2019t think I could pass my IELTS. I would [...]","protected":false},"author":1,"featured_media":0,"parent":0,"menu_order":0,"comment_status":"closed","ping_status":"closed","template":"","meta":{"footnotes":"","_joinchat":[]},"yoast_head":"<!-- This site is optimized with the Yoast SEO plugin v22.2 - https:\/\/yoast.com\/wordpress\/plugins\/seo\/ -->\n<title>About Us - Elite Docs Express - Buy Real Documents Online<\/title>\n<meta name=\"robots\" content=\"index, follow, max-snippet:-1, max-image-preview:large, max-video-preview:-1\" \/>\n<link rel=\"canonical\" href=\"https:\/\/www.elitedocsexpress.com\/de\/uber-uns\/\" \/>\n<meta property=\"og:locale\" content=\"de_DE\" \/>\n<meta property=\"og:type\" content=\"article\" \/>\n<meta property=\"og:title\" content=\"About Us - Elite Docs Express - Buy Real Documents Online\" \/>\n<meta property=\"og:url\" content=\"https:\/\/www.elitedocsexpress.com\/de\/uber-uns\/\" \/>\n<meta property=\"og:site_name\" content=\"Elite Docs Express - Buy Real Documents Online\" \/>\n<meta property=\"article:modified_time\" content=\"2023-05-06T08:24:57+00:00\" \/>\n<meta name=\"twitter:card\" content=\"summary_large_image\" \/>\n<meta name=\"twitter:label1\" content=\"Gesch\u00e4tzte Lesezeit\" \/>\n\t<meta name=\"twitter:data1\" content=\"3\u00a0Minuten\" \/>\n<script type=\"application\/ld+json\" class=\"yoast-schema-graph\">{\"@context\":\"https:\/\/schema.org\",\"@graph\":[{\"@type\":\"WebPage\",\"@id\":\"https:\/\/www.elitedocsexpress.com\/about-us\/\",\"url\":\"https:\/\/www.elitedocsexpress.com\/about-us\/\",\"name\":\"About Us - Elite Docs Express - Buy Real Documents Online\",\"isPartOf\":{\"@id\":\"https:\/\/www.elitedocsexpress.com\/#website\"},\"datePublished\":\"2018-11-17T04:41:46+00:00\",\"dateModified\":\"2023-05-06T08:24:57+00:00\",\"breadcrumb\":{\"@id\":\"https:\/\/www.elitedocsexpress.com\/about-us\/#breadcrumb\"},\"inLanguage\":\"de\",\"potentialAction\":[{\"@type\":\"ReadAction\",\"target\":[\"https:\/\/www.elitedocsexpress.com\/about-us\/\"]}]},{\"@type\":\"BreadcrumbList\",\"@id\":\"https:\/\/www.elitedocsexpress.com\/about-us\/#breadcrumb\",\"itemListElement\":[{\"@type\":\"ListItem\",\"position\":1,\"name\":\"Home\",\"item\":\"https:\/\/www.elitedocsexpress.com\/\"},{\"@type\":\"ListItem\",\"position\":2,\"name\":\"About Us\"}]},{\"@type\":\"WebSite\",\"@id\":\"https:\/\/www.elitedocsexpress.com\/#website\",\"url\":\"https:\/\/www.elitedocsexpress.com\/\",\"name\":\"Elite Docs Express - Buy Real Documents Online\",\"description\":\"\",\"potentialAction\":[{\"@type\":\"SearchAction\",\"target\":{\"@type\":\"EntryPoint\",\"urlTemplate\":\"https:\/\/www.elitedocsexpress.com\/?s={search_term_string}\"},\"query-input\":\"required name=search_term_string\"}],\"inLanguage\":\"de\"}]}<\/script>\n<!-- \/ Yoast SEO plugin. -->","yoast_head_json":{"title":"About Us - Elite Docs Express - Buy Real Documents Online","robots":{"index":"index","follow":"follow","max-snippet":"max-snippet:-1","max-image-preview":"max-image-preview:large","max-video-preview":"max-video-preview:-1"},"canonical":"https:\/\/www.elitedocsexpress.com\/de\/uber-uns\/","og_locale":"de_DE","og_type":"article","og_title":"About Us - Elite Docs Express - Buy Real Documents Online","og_url":"https:\/\/www.elitedocsexpress.com\/de\/uber-uns\/","og_site_name":"Elite Docs Express - Buy Real Documents Online","article_modified_time":"2023-05-06T08:24:57+00:00","twitter_card":"summary_large_image","twitter_misc":{"Gesch\u00e4tzte Lesezeit":"3\u00a0Minuten"},"schema":{"@context":"https:\/\/schema.org","@graph":[{"@type":"WebPage","@id":"https:\/\/www.elitedocsexpress.com\/about-us\/","url":"https:\/\/www.elitedocsexpress.com\/about-us\/","name":"About Us - Elite Docs Express - Buy Real Documents Online","isPartOf":{"@id":"https:\/\/www.elitedocsexpress.com\/#website"},"datePublished":"2018-11-17T04:41:46+00:00","dateModified":"2023-05-06T08:24:57+00:00","breadcrumb":{"@id":"https:\/\/www.elitedocsexpress.com\/about-us\/#breadcrumb"},"inLanguage":"de","potentialAction":[{"@type":"ReadAction","target":["https:\/\/www.elitedocsexpress.com\/about-us\/"]}]},{"@type":"BreadcrumbList","@id":"https:\/\/www.elitedocsexpress.com\/about-us\/#breadcrumb","itemListElement":[{"@type":"ListItem","position":1,"name":"Home","item":"https:\/\/www.elitedocsexpress.com\/"},{"@type":"ListItem","position":2,"name":"About Us"}]},{"@type":"WebSite","@id":"https:\/\/www.elitedocsexpress.com\/#website","url":"https:\/\/www.elitedocsexpress.com\/","name":"Elite Docs Express - Buy Real Documents Online","description":"","potentialAction":[{"@type":"SearchAction","target":{"@type":"EntryPoint","urlTemplate":"https:\/\/www.elitedocsexpress.com\/?s={search_term_string}"},"query-input":"required name=search_term_string"}],"inLanguage":"de"}]}},"_links":{"self":[{"href":"https:\/\/www.elitedocsexpress.com\/de\/wp-json\/wp\/v2\/pages\/1739"}],"collection":[{"href":"https:\/\/www.elitedocsexpress.com\/de\/wp-json\/wp\/v2\/pages"}],"about":[{"href":"https:\/\/www.elitedocsexpress.com\/de\/wp-json\/wp\/v2\/types\/page"}],"author":[{"embeddable":true,"href":"https:\/\/www.elitedocsexpress.com\/de\/wp-json\/wp\/v2\/users\/1"}],"replies":[{"embeddable":true,"href":"https:\/\/www.elitedocsexpress.com\/de\/wp-json\/wp\/v2\/comments?post=1739"}],"version-history":[{"count":7,"href":"https:\/\/www.elitedocsexpress.com\/de\/wp-json\/wp\/v2\/pages\/1739\/revisions"}],"predecessor-version":[{"id":3592,"href":"https:\/\/www.elitedocsexpress.com\/de\/wp-json\/wp\/v2\/pages\/1739\/revisions\/3592"}],"wp:attachment":[{"href":"https:\/\/www.elitedocsexpress.com\/de\/wp-json\/wp\/v2\/media?parent=1739"}],"curies":[{"name":"wp","href":"https:\/\/api.w.org\/{rel}","templated":true}]}}